{"id":1915,"date":"2022-11-14T13:31:39","date_gmt":"2022-11-14T13:31:39","guid":{"rendered":"https:\/\/naturethroughhereyes.com\/judith-porter-protector-pioneer\/"},"modified":"2022-11-14T15:42:28","modified_gmt":"2022-11-14T15:42:28","slug":"judith-porter-protector-pioneer","status":"publish","type":"page","link":"https:\/\/naturethroughhereyes.com\/fr\/projections\/judith-porter-protector-pioneer\/","title":{"rendered":"Judith: Porter, Protector, Pioneer"},"content":{"rendered":"<p><b>Un film par Tracy Keza, Modeste Ndayishimiye and Cedric Ujeneza<\/b><\/p>\n<p>Rencontrez la premi\u00e8re femme \u00e0 devenir porteuse dans le parc national des volcans au Rwanda ;<\/p>\n<p>Judith a bris\u00e9 les fronti\u00e8res pour devenir \u00e0 la fois une protectrice passionn\u00e9e du gorille de montagne, une esp\u00e8ce menac\u00e9e, et un mod\u00e8le v\u00e9n\u00e9r\u00e9 au sein de sa communaut\u00e9.<\/p>\n","protected":false},"excerpt":{"rendered":"<p>Un film par Tracy Keza, Modeste Ndayishimiye and Cedric Ujeneza<\/p>\n","protected":false},"author":1,"featured_media":1913,"parent":1977,"menu_order":0,"comment_status":"closed","ping_status":"closed","template":"","meta":{"_acf_changed":false,"_monsterinsights_skip_tracking":false,"_monsterinsights_sitenote_active":false,"_monsterinsights_sitenote_note":"","_monsterinsights_sitenote_category":0,"footnotes":""},"profile-tag":[],"class_list":["post-1915","page","type-page","status-publish","has-post-thumbnail","hentry"],"acf":[],"yoast_head":"<!-- This site is optimized with the Yoast SEO plugin v26.7 - https:\/\/yoast.com\/wordpress\/plugins\/seo\/ -->\n<title>Judith: Porter, Protector, Pioneer - Nature Le Regard F\u00e9minin<\/title>\n<meta name=\"robots\" content=\"index, follow, max-snippet:-1, max-image-preview:large, max-video-preview:-1\" \/>\n<link rel=\"canonical\" href=\"https:\/\/naturethroughhereyes.com\/fr\/projections\/judith-porter-protector-pioneer\/\" \/>\n<meta property=\"og:locale\" content=\"fr_FR\" \/>\n<meta property=\"og:type\" content=\"article\" \/>\n<meta property=\"og:title\" content=\"Judith: Porter, Protector, Pioneer - Nature Le Regard F\u00e9minin\" \/>\n<meta property=\"og:description\" content=\"Un film par Tracy Keza, Modeste Ndayishimiye and Cedric Ujeneza\" \/>\n<meta property=\"og:url\" content=\"https:\/\/naturethroughhereyes.com\/fr\/projections\/judith-porter-protector-pioneer\/\" \/>\n<meta property=\"og:site_name\" content=\"Nature Le Regard F\u00e9minin\" \/>\n<meta property=\"article:modified_time\" content=\"2022-11-14T15:42:28+00:00\" \/>\n<meta property=\"og:image\" content=\"https:\/\/naturethroughhereyes.com\/app\/uploads\/2022\/11\/judith-the-porter-tracy-keza-modeste-ndayishimiye-and-cedric-ujeneza.jpg\" \/>\n\t<meta property=\"og:image:width\" content=\"1280\" \/>\n\t<meta property=\"og:image:height\" content=\"710\" \/>\n\t<meta property=\"og:image:type\" content=\"image\/jpeg\" \/>\n<meta name=\"twitter:card\" content=\"summary_large_image\" \/>\n<meta name=\"twitter:site\" content=\"@hereyesnature\" \/>\n<script type=\"application\/ld+json\" class=\"yoast-schema-graph\">{\"@context\":\"https:\/\/schema.org\",\"@graph\":[{\"@type\":\"WebPage\",\"@id\":\"https:\/\/naturethroughhereyes.com\/fr\/projections\/judith-porter-protector-pioneer\/\",\"url\":\"https:\/\/naturethroughhereyes.com\/fr\/projections\/judith-porter-protector-pioneer\/\",\"name\":\"Judith: Porter, Protector, Pioneer - Nature Le Regard F\u00e9minin\",\"isPartOf\":{\"@id\":\"https:\/\/naturethroughhereyes.com\/#website\"},\"primaryImageOfPage\":{\"@id\":\"https:\/\/naturethroughhereyes.com\/fr\/projections\/judith-porter-protector-pioneer\/#primaryimage\"},\"image\":{\"@id\":\"https:\/\/naturethroughhereyes.com\/fr\/projections\/judith-porter-protector-pioneer\/#primaryimage\"},\"thumbnailUrl\":\"https:\/\/naturethroughhereyes.com\/app\/uploads\/2022\/11\/judith-the-porter-tracy-keza-modeste-ndayishimiye-and-cedric-ujeneza.jpg\",\"datePublished\":\"2022-11-14T13:31:39+00:00\",\"dateModified\":\"2022-11-14T15:42:28+00:00\",\"breadcrumb\":{\"@id\":\"https:\/\/naturethroughhereyes.com\/fr\/projections\/judith-porter-protector-pioneer\/#breadcrumb\"},\"inLanguage\":\"fr-FR\",\"potentialAction\":[{\"@type\":\"ReadAction\",\"target\":[\"https:\/\/naturethroughhereyes.com\/fr\/projections\/judith-porter-protector-pioneer\/\"]}]},{\"@type\":\"ImageObject\",\"inLanguage\":\"fr-FR\",\"@id\":\"https:\/\/naturethroughhereyes.com\/fr\/projections\/judith-porter-protector-pioneer\/#primaryimage\",\"url\":\"https:\/\/naturethroughhereyes.com\/app\/uploads\/2022\/11\/judith-the-porter-tracy-keza-modeste-ndayishimiye-and-cedric-ujeneza.jpg\",\"contentUrl\":\"https:\/\/naturethroughhereyes.com\/app\/uploads\/2022\/11\/judith-the-porter-tracy-keza-modeste-ndayishimiye-and-cedric-ujeneza.jpg\",\"width\":1280,\"height\":710},{\"@type\":\"BreadcrumbList\",\"@id\":\"https:\/\/naturethroughhereyes.com\/fr\/projections\/judith-porter-protector-pioneer\/#breadcrumb\",\"itemListElement\":[{\"@type\":\"ListItem\",\"position\":1,\"name\":\"Home\",\"item\":\"https:\/\/naturethroughhereyes.com\/fr\/\"},{\"@type\":\"ListItem\",\"position\":2,\"name\":\"Projections\",\"item\":\"https:\/\/naturethroughhereyes.com\/fr\/projections\/\"},{\"@type\":\"ListItem\",\"position\":3,\"name\":\"Judith: Porter, Protector, Pioneer\"}]},{\"@type\":\"WebSite\",\"@id\":\"https:\/\/naturethroughhereyes.com\/#website\",\"url\":\"https:\/\/naturethroughhereyes.com\/\",\"name\":\"Nature Through Her Eyes\",\"description\":\"Quatre jours de c\u00e9l\u00e9bration, discussions et projections\",\"publisher\":{\"@id\":\"https:\/\/naturethroughhereyes.com\/#organization\"},\"potentialAction\":[{\"@type\":\"SearchAction\",\"target\":{\"@type\":\"EntryPoint\",\"urlTemplate\":\"https:\/\/naturethroughhereyes.com\/?s={search_term_string}\"},\"query-input\":{\"@type\":\"PropertyValueSpecification\",\"valueRequired\":true,\"valueName\":\"search_term_string\"}}],\"inLanguage\":\"fr-FR\"},{\"@type\":\"Organization\",\"@id\":\"https:\/\/naturethroughhereyes.com\/#organization\",\"name\":\"Nature Through Her Eyes\",\"url\":\"https:\/\/naturethroughhereyes.com\/\",\"logo\":{\"@type\":\"ImageObject\",\"inLanguage\":\"fr-FR\",\"@id\":\"https:\/\/naturethroughhereyes.com\/#\/schema\/logo\/image\/\",\"url\":\"https:\/\/naturethroughhereyes.com\/app\/uploads\/2023\/05\/nthe-logo.jpg\",\"contentUrl\":\"https:\/\/naturethroughhereyes.com\/app\/uploads\/2023\/05\/nthe-logo.jpg\",\"width\":600,\"height\":400,\"caption\":\"Nature Through Her Eyes\"},\"image\":{\"@id\":\"https:\/\/naturethroughhereyes.com\/#\/schema\/logo\/image\/\"},\"sameAs\":[\"https:\/\/x.com\/hereyesnature\",\"https:\/\/www.instagram.com\/hereyesnature\/\"]}]}<\/script>\n<!-- \/ Yoast SEO plugin. -->","yoast_head_json":{"title":"Judith: Porter, Protector, Pioneer - Nature Le Regard F\u00e9minin","robots":{"index":"index","follow":"follow","max-snippet":"max-snippet:-1","max-image-preview":"max-image-preview:large","max-video-preview":"max-video-preview:-1"},"canonical":"https:\/\/naturethroughhereyes.com\/fr\/projections\/judith-porter-protector-pioneer\/","og_locale":"fr_FR","og_type":"article","og_title":"Judith: Porter, Protector, Pioneer - Nature Le Regard F\u00e9minin","og_description":"Un film par Tracy Keza, Modeste Ndayishimiye and Cedric Ujeneza","og_url":"https:\/\/naturethroughhereyes.com\/fr\/projections\/judith-porter-protector-pioneer\/","og_site_name":"Nature Le Regard F\u00e9minin","article_modified_time":"2022-11-14T15:42:28+00:00","og_image":[{"width":1280,"height":710,"url":"https:\/\/naturethroughhereyes.com\/app\/uploads\/2022\/11\/judith-the-porter-tracy-keza-modeste-ndayishimiye-and-cedric-ujeneza.jpg","type":"image\/jpeg"}],"twitter_card":"summary_large_image","twitter_site":"@hereyesnature","schema":{"@context":"https:\/\/schema.org","@graph":[{"@type":"WebPage","@id":"https:\/\/naturethroughhereyes.com\/fr\/projections\/judith-porter-protector-pioneer\/","url":"https:\/\/naturethroughhereyes.com\/fr\/projections\/judith-porter-protector-pioneer\/","name":"Judith: Porter, Protector, Pioneer - Nature Le Regard F\u00e9minin","isPartOf":{"@id":"https:\/\/naturethroughhereyes.com\/#website"},"primaryImageOfPage":{"@id":"https:\/\/naturethroughhereyes.com\/fr\/projections\/judith-porter-protector-pioneer\/#primaryimage"},"image":{"@id":"https:\/\/naturethroughhereyes.com\/fr\/projections\/judith-porter-protector-pioneer\/#primaryimage"},"thumbnailUrl":"https:\/\/naturethroughhereyes.com\/app\/uploads\/2022\/11\/judith-the-porter-tracy-keza-modeste-ndayishimiye-and-cedric-ujeneza.jpg","datePublished":"2022-11-14T13:31:39+00:00","dateModified":"2022-11-14T15:42:28+00:00","breadcrumb":{"@id":"https:\/\/naturethroughhereyes.com\/fr\/projections\/judith-porter-protector-pioneer\/#breadcrumb"},"inLanguage":"fr-FR","potentialAction":[{"@type":"ReadAction","target":["https:\/\/naturethroughhereyes.com\/fr\/projections\/judith-porter-protector-pioneer\/"]}]},{"@type":"ImageObject","inLanguage":"fr-FR","@id":"https:\/\/naturethroughhereyes.com\/fr\/projections\/judith-porter-protector-pioneer\/#primaryimage","url":"https:\/\/naturethroughhereyes.com\/app\/uploads\/2022\/11\/judith-the-porter-tracy-keza-modeste-ndayishimiye-and-cedric-ujeneza.jpg","contentUrl":"https:\/\/naturethroughhereyes.com\/app\/uploads\/2022\/11\/judith-the-porter-tracy-keza-modeste-ndayishimiye-and-cedric-ujeneza.jpg","width":1280,"height":710},{"@type":"BreadcrumbList","@id":"https:\/\/naturethroughhereyes.com\/fr\/projections\/judith-porter-protector-pioneer\/#breadcrumb","itemListElement":[{"@type":"ListItem","position":1,"name":"Home","item":"https:\/\/naturethroughhereyes.com\/fr\/"},{"@type":"ListItem","position":2,"name":"Projections","item":"https:\/\/naturethroughhereyes.com\/fr\/projections\/"},{"@type":"ListItem","position":3,"name":"Judith: Porter, Protector, Pioneer"}]},{"@type":"WebSite","@id":"https:\/\/naturethroughhereyes.com\/#website","url":"https:\/\/naturethroughhereyes.com\/","name":"Nature Through Her Eyes","description":"Quatre jours de c\u00e9l\u00e9bration, discussions et projections","publisher":{"@id":"https:\/\/naturethroughhereyes.com\/#organization"},"potentialAction":[{"@type":"SearchAction","target":{"@type":"EntryPoint","urlTemplate":"https:\/\/naturethroughhereyes.com\/?s={search_term_string}"},"query-input":{"@type":"PropertyValueSpecification","valueRequired":true,"valueName":"search_term_string"}}],"inLanguage":"fr-FR"},{"@type":"Organization","@id":"https:\/\/naturethroughhereyes.com\/#organization","name":"Nature Through Her Eyes","url":"https:\/\/naturethroughhereyes.com\/","logo":{"@type":"ImageObject","inLanguage":"fr-FR","@id":"https:\/\/naturethroughhereyes.com\/#\/schema\/logo\/image\/","url":"https:\/\/naturethroughhereyes.com\/app\/uploads\/2023\/05\/nthe-logo.jpg","contentUrl":"https:\/\/naturethroughhereyes.com\/app\/uploads\/2023\/05\/nthe-logo.jpg","width":600,"height":400,"caption":"Nature Through Her Eyes"},"image":{"@id":"https:\/\/naturethroughhereyes.com\/#\/schema\/logo\/image\/"},"sameAs":["https:\/\/x.com\/hereyesnature","https:\/\/www.instagram.com\/hereyesnature\/"]}]}},"_links":{"self":[{"href":"https:\/\/naturethroughhereyes.com\/fr\/wp-json\/wp\/v2\/pages\/1915","targetHints":{"allow":["GET"]}}],"collection":[{"href":"https:\/\/naturethroughhereyes.com\/fr\/wp-json\/wp\/v2\/pages"}],"about":[{"href":"https:\/\/naturethroughhereyes.com\/fr\/wp-json\/wp\/v2\/types\/page"}],"author":[{"embeddable":true,"href":"https:\/\/naturethroughhereyes.com\/fr\/wp-json\/wp\/v2\/users\/1"}],"replies":[{"embeddable":true,"href":"https:\/\/naturethroughhereyes.com\/fr\/wp-json\/wp\/v2\/comments?post=1915"}],"version-history":[{"count":2,"href":"https:\/\/naturethroughhereyes.com\/fr\/wp-json\/wp\/v2\/pages\/1915\/revisions"}],"predecessor-version":[{"id":2040,"href":"https:\/\/naturethroughhereyes.com\/fr\/wp-json\/wp\/v2\/pages\/1915\/revisions\/2040"}],"up":[{"embeddable":true,"href":"https:\/\/naturethroughhereyes.com\/fr\/wp-json\/wp\/v2\/pages\/1977"}],"wp:featuredmedia":[{"embeddable":true,"href":"https:\/\/naturethroughhereyes.com\/fr\/wp-json\/wp\/v2\/media\/1913"}],"wp:attachment":[{"href":"https:\/\/naturethroughhereyes.com\/fr\/wp-json\/wp\/v2\/media?parent=1915"}],"wp:term":[{"taxonomy":"profile-tag","embeddable":true,"href":"https:\/\/naturethroughhereyes.com\/fr\/wp-json\/wp\/v2\/profile-tag?post=1915"}],"curies":[{"name":"wp","href":"https:\/\/api.w.org\/{rel}","templated":true}]}}