{"id":1920,"date":"2022-11-14T13:31:39","date_gmt":"2022-11-14T13:31:39","guid":{"rendered":"https:\/\/naturethroughhereyes.com\/whisperers-of-the-delta\/"},"modified":"2022-11-14T15:42:03","modified_gmt":"2022-11-14T15:42:03","slug":"whisperers-of-the-delta","status":"publish","type":"page","link":"https:\/\/naturethroughhereyes.com\/fr\/projections\/whisperers-of-the-delta\/","title":{"rendered":"Whisperers of the Delta"},"content":{"rendered":"<p>Un film de Rufusia Molefeh<\/p>\n<p>Dans le delta de l&#8217;Okavango, les habitants des petites communaut\u00e9s de Ditshiping et Boro vivent un mode de vie non conventionnel de coexistence entre l&#8217;homme et l&#8217;\u00e9l\u00e9phant dans un \u00e9cosyst\u00e8me qui abrite les majestueux \u00e9l\u00e9phants d&#8217;Afrique.<\/p>\n<p>Pouss\u00e9s par l&#8217;instinct de survie, la vie humaine et la vie sauvage sont \u00e0 \u00e9galit\u00e9 dans cette communaut\u00e9. La diligence raisonnable du respect du territoire est le seul moyen de rester en vie pour les habitants des zones humides.<\/p>\n<p>Quatre personnages f\u00e9minins nous invitent dans leur mode de vie non conventionnel de coexistence entre les hommes et les \u00e9l\u00e9phants. Leur histoire r\u00e9v\u00e8le le lien spectaculaire que l&#8217;homme entretient avec la nature et sa diligence \u00e0 respecter son territoire, le tout enti\u00e8rement bas\u00e9 sur l&#8217;instinct humain et le seul but de la survie.<\/p>\n","protected":false},"excerpt":{"rendered":"<p>Un film de Rufusia Molefeh<\/p>\n","protected":false},"author":1,"featured_media":1918,"parent":1977,"menu_order":1,"comment_status":"closed","ping_status":"closed","template":"","meta":{"_acf_changed":false,"_monsterinsights_skip_tracking":false,"_monsterinsights_sitenote_active":false,"_monsterinsights_sitenote_note":"","_monsterinsights_sitenote_category":0,"footnotes":""},"profile-tag":[],"class_list":["post-1920","page","type-page","status-publish","has-post-thumbnail","hentry"],"acf":[],"yoast_head":"<!-- This site is optimized with the Yoast SEO plugin v26.7 - https:\/\/yoast.com\/wordpress\/plugins\/seo\/ -->\n<title>Whisperers of the Delta - Nature Le Regard F\u00e9minin<\/title>\n<meta name=\"robots\" content=\"index, follow, max-snippet:-1, max-image-preview:large, max-video-preview:-1\" \/>\n<link rel=\"canonical\" href=\"https:\/\/naturethroughhereyes.com\/fr\/projections\/whisperers-of-the-delta\/\" \/>\n<meta property=\"og:locale\" content=\"fr_FR\" \/>\n<meta property=\"og:type\" content=\"article\" \/>\n<meta property=\"og:title\" content=\"Whisperers of the Delta - Nature Le Regard F\u00e9minin\" \/>\n<meta property=\"og:description\" content=\"Un film de Rufusia Molefeh\" \/>\n<meta property=\"og:url\" content=\"https:\/\/naturethroughhereyes.com\/fr\/projections\/whisperers-of-the-delta\/\" \/>\n<meta property=\"og:site_name\" content=\"Nature Le Regard F\u00e9minin\" \/>\n<meta property=\"article:modified_time\" content=\"2022-11-14T15:42:03+00:00\" \/>\n<meta property=\"og:image\" content=\"https:\/\/naturethroughhereyes.com\/app\/uploads\/2022\/11\/whisperers-of-the-delta-rufusiah-molefe.jpg\" \/>\n\t<meta property=\"og:image:width\" content=\"416\" \/>\n\t<meta property=\"og:image:height\" content=\"590\" \/>\n\t<meta property=\"og:image:type\" content=\"image\/jpeg\" \/>\n<meta name=\"twitter:card\" content=\"summary_large_image\" \/>\n<meta name=\"twitter:site\" content=\"@hereyesnature\" \/>\n<meta name=\"twitter:label1\" content=\"Est. reading time\" \/>\n\t<meta name=\"twitter:data1\" content=\"1 minute\" \/>\n<script type=\"application\/ld+json\" class=\"yoast-schema-graph\">{\"@context\":\"https:\/\/schema.org\",\"@graph\":[{\"@type\":\"WebPage\",\"@id\":\"https:\/\/naturethroughhereyes.com\/fr\/projections\/whisperers-of-the-delta\/\",\"url\":\"https:\/\/naturethroughhereyes.com\/fr\/projections\/whisperers-of-the-delta\/\",\"name\":\"Whisperers of the Delta - Nature Le Regard F\u00e9minin\",\"isPartOf\":{\"@id\":\"https:\/\/naturethroughhereyes.com\/#website\"},\"primaryImageOfPage\":{\"@id\":\"https:\/\/naturethroughhereyes.com\/fr\/projections\/whisperers-of-the-delta\/#primaryimage\"},\"image\":{\"@id\":\"https:\/\/naturethroughhereyes.com\/fr\/projections\/whisperers-of-the-delta\/#primaryimage\"},\"thumbnailUrl\":\"https:\/\/naturethroughhereyes.com\/app\/uploads\/2022\/11\/whisperers-of-the-delta-rufusiah-molefe.jpg\",\"datePublished\":\"2022-11-14T13:31:39+00:00\",\"dateModified\":\"2022-11-14T15:42:03+00:00\",\"breadcrumb\":{\"@id\":\"https:\/\/naturethroughhereyes.com\/fr\/projections\/whisperers-of-the-delta\/#breadcrumb\"},\"inLanguage\":\"fr-FR\",\"potentialAction\":[{\"@type\":\"ReadAction\",\"target\":[\"https:\/\/naturethroughhereyes.com\/fr\/projections\/whisperers-of-the-delta\/\"]}]},{\"@type\":\"ImageObject\",\"inLanguage\":\"fr-FR\",\"@id\":\"https:\/\/naturethroughhereyes.com\/fr\/projections\/whisperers-of-the-delta\/#primaryimage\",\"url\":\"https:\/\/naturethroughhereyes.com\/app\/uploads\/2022\/11\/whisperers-of-the-delta-rufusiah-molefe.jpg\",\"contentUrl\":\"https:\/\/naturethroughhereyes.com\/app\/uploads\/2022\/11\/whisperers-of-the-delta-rufusiah-molefe.jpg\",\"width\":416,\"height\":590},{\"@type\":\"BreadcrumbList\",\"@id\":\"https:\/\/naturethroughhereyes.com\/fr\/projections\/whisperers-of-the-delta\/#breadcrumb\",\"itemListElement\":[{\"@type\":\"ListItem\",\"position\":1,\"name\":\"Home\",\"item\":\"https:\/\/naturethroughhereyes.com\/fr\/\"},{\"@type\":\"ListItem\",\"position\":2,\"name\":\"Projections\",\"item\":\"https:\/\/naturethroughhereyes.com\/fr\/projections\/\"},{\"@type\":\"ListItem\",\"position\":3,\"name\":\"Whisperers of the Delta\"}]},{\"@type\":\"WebSite\",\"@id\":\"https:\/\/naturethroughhereyes.com\/#website\",\"url\":\"https:\/\/naturethroughhereyes.com\/\",\"name\":\"Nature Through Her Eyes\",\"description\":\"Quatre jours de c\u00e9l\u00e9bration, discussions et projections\",\"publisher\":{\"@id\":\"https:\/\/naturethroughhereyes.com\/#organization\"},\"potentialAction\":[{\"@type\":\"SearchAction\",\"target\":{\"@type\":\"EntryPoint\",\"urlTemplate\":\"https:\/\/naturethroughhereyes.com\/?s={search_term_string}\"},\"query-input\":{\"@type\":\"PropertyValueSpecification\",\"valueRequired\":true,\"valueName\":\"search_term_string\"}}],\"inLanguage\":\"fr-FR\"},{\"@type\":\"Organization\",\"@id\":\"https:\/\/naturethroughhereyes.com\/#organization\",\"name\":\"Nature Through Her Eyes\",\"url\":\"https:\/\/naturethroughhereyes.com\/\",\"logo\":{\"@type\":\"ImageObject\",\"inLanguage\":\"fr-FR\",\"@id\":\"https:\/\/naturethroughhereyes.com\/#\/schema\/logo\/image\/\",\"url\":\"https:\/\/naturethroughhereyes.com\/app\/uploads\/2023\/05\/nthe-logo.jpg\",\"contentUrl\":\"https:\/\/naturethroughhereyes.com\/app\/uploads\/2023\/05\/nthe-logo.jpg\",\"width\":600,\"height\":400,\"caption\":\"Nature Through Her Eyes\"},\"image\":{\"@id\":\"https:\/\/naturethroughhereyes.com\/#\/schema\/logo\/image\/\"},\"sameAs\":[\"https:\/\/x.com\/hereyesnature\",\"https:\/\/www.instagram.com\/hereyesnature\/\"]}]}<\/script>\n<!-- \/ Yoast SEO plugin. -->","yoast_head_json":{"title":"Whisperers of the Delta - Nature Le Regard F\u00e9minin","robots":{"index":"index","follow":"follow","max-snippet":"max-snippet:-1","max-image-preview":"max-image-preview:large","max-video-preview":"max-video-preview:-1"},"canonical":"https:\/\/naturethroughhereyes.com\/fr\/projections\/whisperers-of-the-delta\/","og_locale":"fr_FR","og_type":"article","og_title":"Whisperers of the Delta - Nature Le Regard F\u00e9minin","og_description":"Un film de Rufusia Molefeh","og_url":"https:\/\/naturethroughhereyes.com\/fr\/projections\/whisperers-of-the-delta\/","og_site_name":"Nature Le Regard F\u00e9minin","article_modified_time":"2022-11-14T15:42:03+00:00","og_image":[{"width":416,"height":590,"url":"https:\/\/naturethroughhereyes.com\/app\/uploads\/2022\/11\/whisperers-of-the-delta-rufusiah-molefe.jpg","type":"image\/jpeg"}],"twitter_card":"summary_large_image","twitter_site":"@hereyesnature","twitter_misc":{"Est. reading time":"1 minute"},"schema":{"@context":"https:\/\/schema.org","@graph":[{"@type":"WebPage","@id":"https:\/\/naturethroughhereyes.com\/fr\/projections\/whisperers-of-the-delta\/","url":"https:\/\/naturethroughhereyes.com\/fr\/projections\/whisperers-of-the-delta\/","name":"Whisperers of the Delta - Nature Le Regard F\u00e9minin","isPartOf":{"@id":"https:\/\/naturethroughhereyes.com\/#website"},"primaryImageOfPage":{"@id":"https:\/\/naturethroughhereyes.com\/fr\/projections\/whisperers-of-the-delta\/#primaryimage"},"image":{"@id":"https:\/\/naturethroughhereyes.com\/fr\/projections\/whisperers-of-the-delta\/#primaryimage"},"thumbnailUrl":"https:\/\/naturethroughhereyes.com\/app\/uploads\/2022\/11\/whisperers-of-the-delta-rufusiah-molefe.jpg","datePublished":"2022-11-14T13:31:39+00:00","dateModified":"2022-11-14T15:42:03+00:00","breadcrumb":{"@id":"https:\/\/naturethroughhereyes.com\/fr\/projections\/whisperers-of-the-delta\/#breadcrumb"},"inLanguage":"fr-FR","potentialAction":[{"@type":"ReadAction","target":["https:\/\/naturethroughhereyes.com\/fr\/projections\/whisperers-of-the-delta\/"]}]},{"@type":"ImageObject","inLanguage":"fr-FR","@id":"https:\/\/naturethroughhereyes.com\/fr\/projections\/whisperers-of-the-delta\/#primaryimage","url":"https:\/\/naturethroughhereyes.com\/app\/uploads\/2022\/11\/whisperers-of-the-delta-rufusiah-molefe.jpg","contentUrl":"https:\/\/naturethroughhereyes.com\/app\/uploads\/2022\/11\/whisperers-of-the-delta-rufusiah-molefe.jpg","width":416,"height":590},{"@type":"BreadcrumbList","@id":"https:\/\/naturethroughhereyes.com\/fr\/projections\/whisperers-of-the-delta\/#breadcrumb","itemListElement":[{"@type":"ListItem","position":1,"name":"Home","item":"https:\/\/naturethroughhereyes.com\/fr\/"},{"@type":"ListItem","position":2,"name":"Projections","item":"https:\/\/naturethroughhereyes.com\/fr\/projections\/"},{"@type":"ListItem","position":3,"name":"Whisperers of the Delta"}]},{"@type":"WebSite","@id":"https:\/\/naturethroughhereyes.com\/#website","url":"https:\/\/naturethroughhereyes.com\/","name":"Nature Through Her Eyes","description":"Quatre jours de c\u00e9l\u00e9bration, discussions et projections","publisher":{"@id":"https:\/\/naturethroughhereyes.com\/#organization"},"potentialAction":[{"@type":"SearchAction","target":{"@type":"EntryPoint","urlTemplate":"https:\/\/naturethroughhereyes.com\/?s={search_term_string}"},"query-input":{"@type":"PropertyValueSpecification","valueRequired":true,"valueName":"search_term_string"}}],"inLanguage":"fr-FR"},{"@type":"Organization","@id":"https:\/\/naturethroughhereyes.com\/#organization","name":"Nature Through Her Eyes","url":"https:\/\/naturethroughhereyes.com\/","logo":{"@type":"ImageObject","inLanguage":"fr-FR","@id":"https:\/\/naturethroughhereyes.com\/#\/schema\/logo\/image\/","url":"https:\/\/naturethroughhereyes.com\/app\/uploads\/2023\/05\/nthe-logo.jpg","contentUrl":"https:\/\/naturethroughhereyes.com\/app\/uploads\/2023\/05\/nthe-logo.jpg","width":600,"height":400,"caption":"Nature Through Her Eyes"},"image":{"@id":"https:\/\/naturethroughhereyes.com\/#\/schema\/logo\/image\/"},"sameAs":["https:\/\/x.com\/hereyesnature","https:\/\/www.instagram.com\/hereyesnature\/"]}]}},"_links":{"self":[{"href":"https:\/\/naturethroughhereyes.com\/fr\/wp-json\/wp\/v2\/pages\/1920","targetHints":{"allow":["GET"]}}],"collection":[{"href":"https:\/\/naturethroughhereyes.com\/fr\/wp-json\/wp\/v2\/pages"}],"about":[{"href":"https:\/\/naturethroughhereyes.com\/fr\/wp-json\/wp\/v2\/types\/page"}],"author":[{"embeddable":true,"href":"https:\/\/naturethroughhereyes.com\/fr\/wp-json\/wp\/v2\/users\/1"}],"replies":[{"embeddable":true,"href":"https:\/\/naturethroughhereyes.com\/fr\/wp-json\/wp\/v2\/comments?post=1920"}],"version-history":[{"count":2,"href":"https:\/\/naturethroughhereyes.com\/fr\/wp-json\/wp\/v2\/pages\/1920\/revisions"}],"predecessor-version":[{"id":2038,"href":"https:\/\/naturethroughhereyes.com\/fr\/wp-json\/wp\/v2\/pages\/1920\/revisions\/2038"}],"up":[{"embeddable":true,"href":"https:\/\/naturethroughhereyes.com\/fr\/wp-json\/wp\/v2\/pages\/1977"}],"wp:featuredmedia":[{"embeddable":true,"href":"https:\/\/naturethroughhereyes.com\/fr\/wp-json\/wp\/v2\/media\/1918"}],"wp:attachment":[{"href":"https:\/\/naturethroughhereyes.com\/fr\/wp-json\/wp\/v2\/media?parent=1920"}],"wp:term":[{"taxonomy":"profile-tag","embeddable":true,"href":"https:\/\/naturethroughhereyes.com\/fr\/wp-json\/wp\/v2\/profile-tag?post=1920"}],"curies":[{"name":"wp","href":"https:\/\/api.w.org\/{rel}","templated":true}]}}