{"id":1940,"date":"2022-11-14T13:32:39","date_gmt":"2022-11-14T13:32:39","guid":{"rendered":"https:\/\/naturethroughhereyes.com\/saving-the-vulture-one-mans-quest\/"},"modified":"2022-11-14T14:39:29","modified_gmt":"2022-11-14T14:39:29","slug":"sauver-le-vautour-la-quete-dun-homme","status":"publish","type":"page","link":"https:\/\/naturethroughhereyes.com\/fr\/projections\/sauver-le-vautour-la-quete-dun-homme\/","title":{"rendered":"Sauver Le Vautour : La Qu\u00eate D&#8217;un Homme"},"content":{"rendered":"<p>Un film de Rachel Wambui<\/p>\n<p>Un jeune homme de la communaut\u00e9 Maasai est devenu un farouche gardien du vautour, Il travaille sans rel\u00e2che pour prot\u00e9ger l&#8217;avenir de cet animal souvent m\u00e9pris\u00e9 mais de plus en plus menac\u00e9.<\/p>\n","protected":false},"excerpt":{"rendered":"<p>Un film de Rachel Wambui<\/p>\n","protected":false},"author":1,"featured_media":1938,"parent":1977,"menu_order":5,"comment_status":"closed","ping_status":"closed","template":"","meta":{"_acf_changed":false,"_monsterinsights_skip_tracking":false,"_monsterinsights_sitenote_active":false,"_monsterinsights_sitenote_note":"","_monsterinsights_sitenote_category":0,"footnotes":""},"profile-tag":[],"class_list":["post-1940","page","type-page","status-publish","has-post-thumbnail","hentry"],"acf":[],"yoast_head":"<!-- This site is optimized with the Yoast SEO plugin v26.7 - https:\/\/yoast.com\/wordpress\/plugins\/seo\/ -->\n<title>Sauver Le Vautour : La Qu\u00eate D&#039;un Homme - Nature Le Regard F\u00e9minin<\/title>\n<meta name=\"robots\" content=\"index, follow, max-snippet:-1, max-image-preview:large, max-video-preview:-1\" \/>\n<link rel=\"canonical\" href=\"https:\/\/naturethroughhereyes.com\/fr\/projections\/sauver-le-vautour-la-quete-dun-homme\/\" \/>\n<meta property=\"og:locale\" content=\"fr_FR\" \/>\n<meta property=\"og:type\" content=\"article\" \/>\n<meta property=\"og:title\" content=\"Sauver Le Vautour : La Qu\u00eate D&#039;un Homme - Nature Le Regard F\u00e9minin\" \/>\n<meta property=\"og:description\" content=\"Un film de Rachel Wambui\" \/>\n<meta property=\"og:url\" content=\"https:\/\/naturethroughhereyes.com\/fr\/projections\/sauver-le-vautour-la-quete-dun-homme\/\" \/>\n<meta property=\"og:site_name\" content=\"Nature Le Regard F\u00e9minin\" \/>\n<meta property=\"article:modified_time\" content=\"2022-11-14T14:39:29+00:00\" \/>\n<meta property=\"og:image\" content=\"https:\/\/naturethroughhereyes.com\/app\/uploads\/2022\/11\/saving-the-vultures-rachel-wambui.jpg\" \/>\n\t<meta property=\"og:image:width\" content=\"1280\" \/>\n\t<meta property=\"og:image:height\" content=\"720\" \/>\n\t<meta property=\"og:image:type\" content=\"image\/jpeg\" \/>\n<meta name=\"twitter:card\" content=\"summary_large_image\" \/>\n<meta name=\"twitter:site\" content=\"@hereyesnature\" \/>\n<script type=\"application\/ld+json\" class=\"yoast-schema-graph\">{\"@context\":\"https:\/\/schema.org\",\"@graph\":[{\"@type\":\"WebPage\",\"@id\":\"https:\/\/naturethroughhereyes.com\/fr\/projections\/sauver-le-vautour-la-quete-dun-homme\/\",\"url\":\"https:\/\/naturethroughhereyes.com\/fr\/projections\/sauver-le-vautour-la-quete-dun-homme\/\",\"name\":\"Sauver Le Vautour : La Qu\u00eate D'un Homme - Nature Le Regard F\u00e9minin\",\"isPartOf\":{\"@id\":\"https:\/\/naturethroughhereyes.com\/#website\"},\"primaryImageOfPage\":{\"@id\":\"https:\/\/naturethroughhereyes.com\/fr\/projections\/sauver-le-vautour-la-quete-dun-homme\/#primaryimage\"},\"image\":{\"@id\":\"https:\/\/naturethroughhereyes.com\/fr\/projections\/sauver-le-vautour-la-quete-dun-homme\/#primaryimage\"},\"thumbnailUrl\":\"https:\/\/naturethroughhereyes.com\/app\/uploads\/2022\/11\/saving-the-vultures-rachel-wambui.jpg\",\"datePublished\":\"2022-11-14T13:32:39+00:00\",\"dateModified\":\"2022-11-14T14:39:29+00:00\",\"breadcrumb\":{\"@id\":\"https:\/\/naturethroughhereyes.com\/fr\/projections\/sauver-le-vautour-la-quete-dun-homme\/#breadcrumb\"},\"inLanguage\":\"fr-FR\",\"potentialAction\":[{\"@type\":\"ReadAction\",\"target\":[\"https:\/\/naturethroughhereyes.com\/fr\/projections\/sauver-le-vautour-la-quete-dun-homme\/\"]}]},{\"@type\":\"ImageObject\",\"inLanguage\":\"fr-FR\",\"@id\":\"https:\/\/naturethroughhereyes.com\/fr\/projections\/sauver-le-vautour-la-quete-dun-homme\/#primaryimage\",\"url\":\"https:\/\/naturethroughhereyes.com\/app\/uploads\/2022\/11\/saving-the-vultures-rachel-wambui.jpg\",\"contentUrl\":\"https:\/\/naturethroughhereyes.com\/app\/uploads\/2022\/11\/saving-the-vultures-rachel-wambui.jpg\",\"width\":1280,\"height\":720},{\"@type\":\"BreadcrumbList\",\"@id\":\"https:\/\/naturethroughhereyes.com\/fr\/projections\/sauver-le-vautour-la-quete-dun-homme\/#breadcrumb\",\"itemListElement\":[{\"@type\":\"ListItem\",\"position\":1,\"name\":\"Home\",\"item\":\"https:\/\/naturethroughhereyes.com\/fr\/\"},{\"@type\":\"ListItem\",\"position\":2,\"name\":\"Projections\",\"item\":\"https:\/\/naturethroughhereyes.com\/fr\/projections\/\"},{\"@type\":\"ListItem\",\"position\":3,\"name\":\"Sauver Le Vautour : La Qu\u00eate D&#8217;un Homme\"}]},{\"@type\":\"WebSite\",\"@id\":\"https:\/\/naturethroughhereyes.com\/#website\",\"url\":\"https:\/\/naturethroughhereyes.com\/\",\"name\":\"Nature Through Her Eyes\",\"description\":\"Quatre jours de c\u00e9l\u00e9bration, discussions et projections\",\"publisher\":{\"@id\":\"https:\/\/naturethroughhereyes.com\/#organization\"},\"potentialAction\":[{\"@type\":\"SearchAction\",\"target\":{\"@type\":\"EntryPoint\",\"urlTemplate\":\"https:\/\/naturethroughhereyes.com\/?s={search_term_string}\"},\"query-input\":{\"@type\":\"PropertyValueSpecification\",\"valueRequired\":true,\"valueName\":\"search_term_string\"}}],\"inLanguage\":\"fr-FR\"},{\"@type\":\"Organization\",\"@id\":\"https:\/\/naturethroughhereyes.com\/#organization\",\"name\":\"Nature Through Her Eyes\",\"url\":\"https:\/\/naturethroughhereyes.com\/\",\"logo\":{\"@type\":\"ImageObject\",\"inLanguage\":\"fr-FR\",\"@id\":\"https:\/\/naturethroughhereyes.com\/#\/schema\/logo\/image\/\",\"url\":\"https:\/\/naturethroughhereyes.com\/app\/uploads\/2023\/05\/nthe-logo.jpg\",\"contentUrl\":\"https:\/\/naturethroughhereyes.com\/app\/uploads\/2023\/05\/nthe-logo.jpg\",\"width\":600,\"height\":400,\"caption\":\"Nature Through Her Eyes\"},\"image\":{\"@id\":\"https:\/\/naturethroughhereyes.com\/#\/schema\/logo\/image\/\"},\"sameAs\":[\"https:\/\/x.com\/hereyesnature\",\"https:\/\/www.instagram.com\/hereyesnature\/\"]}]}<\/script>\n<!-- \/ Yoast SEO plugin. -->","yoast_head_json":{"title":"Sauver Le Vautour : La Qu\u00eate D'un Homme - Nature Le Regard F\u00e9minin","robots":{"index":"index","follow":"follow","max-snippet":"max-snippet:-1","max-image-preview":"max-image-preview:large","max-video-preview":"max-video-preview:-1"},"canonical":"https:\/\/naturethroughhereyes.com\/fr\/projections\/sauver-le-vautour-la-quete-dun-homme\/","og_locale":"fr_FR","og_type":"article","og_title":"Sauver Le Vautour : La Qu\u00eate D'un Homme - Nature Le Regard F\u00e9minin","og_description":"Un film de Rachel Wambui","og_url":"https:\/\/naturethroughhereyes.com\/fr\/projections\/sauver-le-vautour-la-quete-dun-homme\/","og_site_name":"Nature Le Regard F\u00e9minin","article_modified_time":"2022-11-14T14:39:29+00:00","og_image":[{"width":1280,"height":720,"url":"https:\/\/naturethroughhereyes.com\/app\/uploads\/2022\/11\/saving-the-vultures-rachel-wambui.jpg","type":"image\/jpeg"}],"twitter_card":"summary_large_image","twitter_site":"@hereyesnature","schema":{"@context":"https:\/\/schema.org","@graph":[{"@type":"WebPage","@id":"https:\/\/naturethroughhereyes.com\/fr\/projections\/sauver-le-vautour-la-quete-dun-homme\/","url":"https:\/\/naturethroughhereyes.com\/fr\/projections\/sauver-le-vautour-la-quete-dun-homme\/","name":"Sauver Le Vautour : La Qu\u00eate D'un Homme - Nature Le Regard F\u00e9minin","isPartOf":{"@id":"https:\/\/naturethroughhereyes.com\/#website"},"primaryImageOfPage":{"@id":"https:\/\/naturethroughhereyes.com\/fr\/projections\/sauver-le-vautour-la-quete-dun-homme\/#primaryimage"},"image":{"@id":"https:\/\/naturethroughhereyes.com\/fr\/projections\/sauver-le-vautour-la-quete-dun-homme\/#primaryimage"},"thumbnailUrl":"https:\/\/naturethroughhereyes.com\/app\/uploads\/2022\/11\/saving-the-vultures-rachel-wambui.jpg","datePublished":"2022-11-14T13:32:39+00:00","dateModified":"2022-11-14T14:39:29+00:00","breadcrumb":{"@id":"https:\/\/naturethroughhereyes.com\/fr\/projections\/sauver-le-vautour-la-quete-dun-homme\/#breadcrumb"},"inLanguage":"fr-FR","potentialAction":[{"@type":"ReadAction","target":["https:\/\/naturethroughhereyes.com\/fr\/projections\/sauver-le-vautour-la-quete-dun-homme\/"]}]},{"@type":"ImageObject","inLanguage":"fr-FR","@id":"https:\/\/naturethroughhereyes.com\/fr\/projections\/sauver-le-vautour-la-quete-dun-homme\/#primaryimage","url":"https:\/\/naturethroughhereyes.com\/app\/uploads\/2022\/11\/saving-the-vultures-rachel-wambui.jpg","contentUrl":"https:\/\/naturethroughhereyes.com\/app\/uploads\/2022\/11\/saving-the-vultures-rachel-wambui.jpg","width":1280,"height":720},{"@type":"BreadcrumbList","@id":"https:\/\/naturethroughhereyes.com\/fr\/projections\/sauver-le-vautour-la-quete-dun-homme\/#breadcrumb","itemListElement":[{"@type":"ListItem","position":1,"name":"Home","item":"https:\/\/naturethroughhereyes.com\/fr\/"},{"@type":"ListItem","position":2,"name":"Projections","item":"https:\/\/naturethroughhereyes.com\/fr\/projections\/"},{"@type":"ListItem","position":3,"name":"Sauver Le Vautour : La Qu\u00eate D&#8217;un Homme"}]},{"@type":"WebSite","@id":"https:\/\/naturethroughhereyes.com\/#website","url":"https:\/\/naturethroughhereyes.com\/","name":"Nature Through Her Eyes","description":"Quatre jours de c\u00e9l\u00e9bration, discussions et projections","publisher":{"@id":"https:\/\/naturethroughhereyes.com\/#organization"},"potentialAction":[{"@type":"SearchAction","target":{"@type":"EntryPoint","urlTemplate":"https:\/\/naturethroughhereyes.com\/?s={search_term_string}"},"query-input":{"@type":"PropertyValueSpecification","valueRequired":true,"valueName":"search_term_string"}}],"inLanguage":"fr-FR"},{"@type":"Organization","@id":"https:\/\/naturethroughhereyes.com\/#organization","name":"Nature Through Her Eyes","url":"https:\/\/naturethroughhereyes.com\/","logo":{"@type":"ImageObject","inLanguage":"fr-FR","@id":"https:\/\/naturethroughhereyes.com\/#\/schema\/logo\/image\/","url":"https:\/\/naturethroughhereyes.com\/app\/uploads\/2023\/05\/nthe-logo.jpg","contentUrl":"https:\/\/naturethroughhereyes.com\/app\/uploads\/2023\/05\/nthe-logo.jpg","width":600,"height":400,"caption":"Nature Through Her Eyes"},"image":{"@id":"https:\/\/naturethroughhereyes.com\/#\/schema\/logo\/image\/"},"sameAs":["https:\/\/x.com\/hereyesnature","https:\/\/www.instagram.com\/hereyesnature\/"]}]}},"_links":{"self":[{"href":"https:\/\/naturethroughhereyes.com\/fr\/wp-json\/wp\/v2\/pages\/1940","targetHints":{"allow":["GET"]}}],"collection":[{"href":"https:\/\/naturethroughhereyes.com\/fr\/wp-json\/wp\/v2\/pages"}],"about":[{"href":"https:\/\/naturethroughhereyes.com\/fr\/wp-json\/wp\/v2\/types\/page"}],"author":[{"embeddable":true,"href":"https:\/\/naturethroughhereyes.com\/fr\/wp-json\/wp\/v2\/users\/1"}],"replies":[{"embeddable":true,"href":"https:\/\/naturethroughhereyes.com\/fr\/wp-json\/wp\/v2\/comments?post=1940"}],"version-history":[{"count":1,"href":"https:\/\/naturethroughhereyes.com\/fr\/wp-json\/wp\/v2\/pages\/1940\/revisions"}],"predecessor-version":[{"id":1941,"href":"https:\/\/naturethroughhereyes.com\/fr\/wp-json\/wp\/v2\/pages\/1940\/revisions\/1941"}],"up":[{"embeddable":true,"href":"https:\/\/naturethroughhereyes.com\/fr\/wp-json\/wp\/v2\/pages\/1977"}],"wp:featuredmedia":[{"embeddable":true,"href":"https:\/\/naturethroughhereyes.com\/fr\/wp-json\/wp\/v2\/media\/1938"}],"wp:attachment":[{"href":"https:\/\/naturethroughhereyes.com\/fr\/wp-json\/wp\/v2\/media?parent=1940"}],"wp:term":[{"taxonomy":"profile-tag","embeddable":true,"href":"https:\/\/naturethroughhereyes.com\/fr\/wp-json\/wp\/v2\/profile-tag?post=1940"}],"curies":[{"name":"wp","href":"https:\/\/api.w.org\/{rel}","templated":true}]}}