{"id":1956,"date":"2022-11-14T13:32:39","date_gmt":"2022-11-14T13:32:39","guid":{"rendered":"https:\/\/naturethroughhereyes.com\/milele\/"},"modified":"2022-11-14T14:46:34","modified_gmt":"2022-11-14T14:46:34","slug":"milele","status":"publish","type":"page","link":"https:\/\/naturethroughhereyes.com\/fr\/projections\/milele\/","title":{"rendered":"Milele"},"content":{"rendered":"<p>un court-m\u00e9trage de Pauline Kyalo<\/p>\n<p>Milele est une histoire sur un sujet &#8211; l&#8217;importance des arbres &#8211; vu \u00e0 travers la vie d&#8217;une jeune femme.Il prend cependant un nouveau sens maintenant qu&#8217;elle doit vivre dans une pand\u00e9mie. Le parc \u00e9tant le seul endroit o\u00f9 elle peut se rendre fr\u00e9quemment pendant la quarantaine, elle se rend compte qu&#8217;elle s&#8217;y sent comme chez elle et qu&#8217;il existe peut-\u00eatre des raisons inconnues pour lesquelles nous devrions conserver les espaces verts. La possibilit\u00e9 de marcher, de faire du jogging, de respirer l&#8217;air frais, de s&#8217;asseoir et de lire est tout ce qu&#8217;elle a et elle comprend qu&#8217;il faut le prot\u00e9ger pour les besoins inconnus d&#8217;aujourd&#8217;hui et de demain.<\/p>\n","protected":false},"excerpt":{"rendered":"<p>a short film by Pauline Kyalo<\/p>\n","protected":false},"author":1,"featured_media":1954,"parent":1977,"menu_order":8,"comment_status":"closed","ping_status":"closed","template":"","meta":{"_acf_changed":false,"_monsterinsights_skip_tracking":false,"_monsterinsights_sitenote_active":false,"_monsterinsights_sitenote_note":"","_monsterinsights_sitenote_category":0,"footnotes":""},"profile-tag":[],"class_list":["post-1956","page","type-page","status-publish","has-post-thumbnail","hentry"],"acf":[],"yoast_head":"<!-- This site is optimized with the Yoast SEO plugin v26.7 - https:\/\/yoast.com\/wordpress\/plugins\/seo\/ -->\n<title>Milele - Nature Le Regard F\u00e9minin<\/title>\n<meta name=\"robots\" content=\"index, follow, max-snippet:-1, max-image-preview:large, max-video-preview:-1\" \/>\n<link rel=\"canonical\" href=\"https:\/\/naturethroughhereyes.com\/fr\/projections\/milele\/\" \/>\n<meta property=\"og:locale\" content=\"fr_FR\" \/>\n<meta property=\"og:type\" content=\"article\" \/>\n<meta property=\"og:title\" content=\"Milele - Nature Le Regard F\u00e9minin\" \/>\n<meta property=\"og:description\" content=\"a short film by Pauline Kyalo\" \/>\n<meta property=\"og:url\" content=\"https:\/\/naturethroughhereyes.com\/fr\/projections\/milele\/\" \/>\n<meta property=\"og:site_name\" content=\"Nature Le Regard F\u00e9minin\" \/>\n<meta property=\"article:modified_time\" content=\"2022-11-14T14:46:34+00:00\" \/>\n<meta property=\"og:image\" content=\"https:\/\/naturethroughhereyes.com\/app\/uploads\/2022\/11\/milele-pauline-kyalo.jpg\" \/>\n\t<meta property=\"og:image:width\" content=\"707\" \/>\n\t<meta property=\"og:image:height\" content=\"1000\" \/>\n\t<meta property=\"og:image:type\" content=\"image\/jpeg\" \/>\n<meta name=\"twitter:card\" content=\"summary_large_image\" \/>\n<meta name=\"twitter:site\" content=\"@hereyesnature\" \/>\n<meta name=\"twitter:label1\" content=\"Est. reading time\" \/>\n\t<meta name=\"twitter:data1\" content=\"1 minute\" \/>\n<script type=\"application\/ld+json\" class=\"yoast-schema-graph\">{\"@context\":\"https:\/\/schema.org\",\"@graph\":[{\"@type\":\"WebPage\",\"@id\":\"https:\/\/naturethroughhereyes.com\/fr\/projections\/milele\/\",\"url\":\"https:\/\/naturethroughhereyes.com\/fr\/projections\/milele\/\",\"name\":\"Milele - Nature Le Regard F\u00e9minin\",\"isPartOf\":{\"@id\":\"https:\/\/naturethroughhereyes.com\/#website\"},\"primaryImageOfPage\":{\"@id\":\"https:\/\/naturethroughhereyes.com\/fr\/projections\/milele\/#primaryimage\"},\"image\":{\"@id\":\"https:\/\/naturethroughhereyes.com\/fr\/projections\/milele\/#primaryimage\"},\"thumbnailUrl\":\"https:\/\/naturethroughhereyes.com\/app\/uploads\/2022\/11\/milele-pauline-kyalo.jpg\",\"datePublished\":\"2022-11-14T13:32:39+00:00\",\"dateModified\":\"2022-11-14T14:46:34+00:00\",\"breadcrumb\":{\"@id\":\"https:\/\/naturethroughhereyes.com\/fr\/projections\/milele\/#breadcrumb\"},\"inLanguage\":\"fr-FR\",\"potentialAction\":[{\"@type\":\"ReadAction\",\"target\":[\"https:\/\/naturethroughhereyes.com\/fr\/projections\/milele\/\"]}]},{\"@type\":\"ImageObject\",\"inLanguage\":\"fr-FR\",\"@id\":\"https:\/\/naturethroughhereyes.com\/fr\/projections\/milele\/#primaryimage\",\"url\":\"https:\/\/naturethroughhereyes.com\/app\/uploads\/2022\/11\/milele-pauline-kyalo.jpg\",\"contentUrl\":\"https:\/\/naturethroughhereyes.com\/app\/uploads\/2022\/11\/milele-pauline-kyalo.jpg\",\"width\":707,\"height\":1000},{\"@type\":\"BreadcrumbList\",\"@id\":\"https:\/\/naturethroughhereyes.com\/fr\/projections\/milele\/#breadcrumb\",\"itemListElement\":[{\"@type\":\"ListItem\",\"position\":1,\"name\":\"Home\",\"item\":\"https:\/\/naturethroughhereyes.com\/fr\/\"},{\"@type\":\"ListItem\",\"position\":2,\"name\":\"Projections\",\"item\":\"https:\/\/naturethroughhereyes.com\/fr\/projections\/\"},{\"@type\":\"ListItem\",\"position\":3,\"name\":\"Milele\"}]},{\"@type\":\"WebSite\",\"@id\":\"https:\/\/naturethroughhereyes.com\/#website\",\"url\":\"https:\/\/naturethroughhereyes.com\/\",\"name\":\"Nature Through Her Eyes\",\"description\":\"Quatre jours de c\u00e9l\u00e9bration, discussions et projections\",\"publisher\":{\"@id\":\"https:\/\/naturethroughhereyes.com\/#organization\"},\"potentialAction\":[{\"@type\":\"SearchAction\",\"target\":{\"@type\":\"EntryPoint\",\"urlTemplate\":\"https:\/\/naturethroughhereyes.com\/?s={search_term_string}\"},\"query-input\":{\"@type\":\"PropertyValueSpecification\",\"valueRequired\":true,\"valueName\":\"search_term_string\"}}],\"inLanguage\":\"fr-FR\"},{\"@type\":\"Organization\",\"@id\":\"https:\/\/naturethroughhereyes.com\/#organization\",\"name\":\"Nature Through Her Eyes\",\"url\":\"https:\/\/naturethroughhereyes.com\/\",\"logo\":{\"@type\":\"ImageObject\",\"inLanguage\":\"fr-FR\",\"@id\":\"https:\/\/naturethroughhereyes.com\/#\/schema\/logo\/image\/\",\"url\":\"https:\/\/naturethroughhereyes.com\/app\/uploads\/2023\/05\/nthe-logo.jpg\",\"contentUrl\":\"https:\/\/naturethroughhereyes.com\/app\/uploads\/2023\/05\/nthe-logo.jpg\",\"width\":600,\"height\":400,\"caption\":\"Nature Through Her Eyes\"},\"image\":{\"@id\":\"https:\/\/naturethroughhereyes.com\/#\/schema\/logo\/image\/\"},\"sameAs\":[\"https:\/\/x.com\/hereyesnature\",\"https:\/\/www.instagram.com\/hereyesnature\/\"]}]}<\/script>\n<!-- \/ Yoast SEO plugin. -->","yoast_head_json":{"title":"Milele - Nature Le Regard F\u00e9minin","robots":{"index":"index","follow":"follow","max-snippet":"max-snippet:-1","max-image-preview":"max-image-preview:large","max-video-preview":"max-video-preview:-1"},"canonical":"https:\/\/naturethroughhereyes.com\/fr\/projections\/milele\/","og_locale":"fr_FR","og_type":"article","og_title":"Milele - Nature Le Regard F\u00e9minin","og_description":"a short film by Pauline Kyalo","og_url":"https:\/\/naturethroughhereyes.com\/fr\/projections\/milele\/","og_site_name":"Nature Le Regard F\u00e9minin","article_modified_time":"2022-11-14T14:46:34+00:00","og_image":[{"width":707,"height":1000,"url":"https:\/\/naturethroughhereyes.com\/app\/uploads\/2022\/11\/milele-pauline-kyalo.jpg","type":"image\/jpeg"}],"twitter_card":"summary_large_image","twitter_site":"@hereyesnature","twitter_misc":{"Est. reading time":"1 minute"},"schema":{"@context":"https:\/\/schema.org","@graph":[{"@type":"WebPage","@id":"https:\/\/naturethroughhereyes.com\/fr\/projections\/milele\/","url":"https:\/\/naturethroughhereyes.com\/fr\/projections\/milele\/","name":"Milele - Nature Le Regard F\u00e9minin","isPartOf":{"@id":"https:\/\/naturethroughhereyes.com\/#website"},"primaryImageOfPage":{"@id":"https:\/\/naturethroughhereyes.com\/fr\/projections\/milele\/#primaryimage"},"image":{"@id":"https:\/\/naturethroughhereyes.com\/fr\/projections\/milele\/#primaryimage"},"thumbnailUrl":"https:\/\/naturethroughhereyes.com\/app\/uploads\/2022\/11\/milele-pauline-kyalo.jpg","datePublished":"2022-11-14T13:32:39+00:00","dateModified":"2022-11-14T14:46:34+00:00","breadcrumb":{"@id":"https:\/\/naturethroughhereyes.com\/fr\/projections\/milele\/#breadcrumb"},"inLanguage":"fr-FR","potentialAction":[{"@type":"ReadAction","target":["https:\/\/naturethroughhereyes.com\/fr\/projections\/milele\/"]}]},{"@type":"ImageObject","inLanguage":"fr-FR","@id":"https:\/\/naturethroughhereyes.com\/fr\/projections\/milele\/#primaryimage","url":"https:\/\/naturethroughhereyes.com\/app\/uploads\/2022\/11\/milele-pauline-kyalo.jpg","contentUrl":"https:\/\/naturethroughhereyes.com\/app\/uploads\/2022\/11\/milele-pauline-kyalo.jpg","width":707,"height":1000},{"@type":"BreadcrumbList","@id":"https:\/\/naturethroughhereyes.com\/fr\/projections\/milele\/#breadcrumb","itemListElement":[{"@type":"ListItem","position":1,"name":"Home","item":"https:\/\/naturethroughhereyes.com\/fr\/"},{"@type":"ListItem","position":2,"name":"Projections","item":"https:\/\/naturethroughhereyes.com\/fr\/projections\/"},{"@type":"ListItem","position":3,"name":"Milele"}]},{"@type":"WebSite","@id":"https:\/\/naturethroughhereyes.com\/#website","url":"https:\/\/naturethroughhereyes.com\/","name":"Nature Through Her Eyes","description":"Quatre jours de c\u00e9l\u00e9bration, discussions et projections","publisher":{"@id":"https:\/\/naturethroughhereyes.com\/#organization"},"potentialAction":[{"@type":"SearchAction","target":{"@type":"EntryPoint","urlTemplate":"https:\/\/naturethroughhereyes.com\/?s={search_term_string}"},"query-input":{"@type":"PropertyValueSpecification","valueRequired":true,"valueName":"search_term_string"}}],"inLanguage":"fr-FR"},{"@type":"Organization","@id":"https:\/\/naturethroughhereyes.com\/#organization","name":"Nature Through Her Eyes","url":"https:\/\/naturethroughhereyes.com\/","logo":{"@type":"ImageObject","inLanguage":"fr-FR","@id":"https:\/\/naturethroughhereyes.com\/#\/schema\/logo\/image\/","url":"https:\/\/naturethroughhereyes.com\/app\/uploads\/2023\/05\/nthe-logo.jpg","contentUrl":"https:\/\/naturethroughhereyes.com\/app\/uploads\/2023\/05\/nthe-logo.jpg","width":600,"height":400,"caption":"Nature Through Her Eyes"},"image":{"@id":"https:\/\/naturethroughhereyes.com\/#\/schema\/logo\/image\/"},"sameAs":["https:\/\/x.com\/hereyesnature","https:\/\/www.instagram.com\/hereyesnature\/"]}]}},"_links":{"self":[{"href":"https:\/\/naturethroughhereyes.com\/fr\/wp-json\/wp\/v2\/pages\/1956","targetHints":{"allow":["GET"]}}],"collection":[{"href":"https:\/\/naturethroughhereyes.com\/fr\/wp-json\/wp\/v2\/pages"}],"about":[{"href":"https:\/\/naturethroughhereyes.com\/fr\/wp-json\/wp\/v2\/types\/page"}],"author":[{"embeddable":true,"href":"https:\/\/naturethroughhereyes.com\/fr\/wp-json\/wp\/v2\/users\/1"}],"replies":[{"embeddable":true,"href":"https:\/\/naturethroughhereyes.com\/fr\/wp-json\/wp\/v2\/comments?post=1956"}],"version-history":[{"count":1,"href":"https:\/\/naturethroughhereyes.com\/fr\/wp-json\/wp\/v2\/pages\/1956\/revisions"}],"predecessor-version":[{"id":1957,"href":"https:\/\/naturethroughhereyes.com\/fr\/wp-json\/wp\/v2\/pages\/1956\/revisions\/1957"}],"up":[{"embeddable":true,"href":"https:\/\/naturethroughhereyes.com\/fr\/wp-json\/wp\/v2\/pages\/1977"}],"wp:featuredmedia":[{"embeddable":true,"href":"https:\/\/naturethroughhereyes.com\/fr\/wp-json\/wp\/v2\/media\/1954"}],"wp:attachment":[{"href":"https:\/\/naturethroughhereyes.com\/fr\/wp-json\/wp\/v2\/media?parent=1956"}],"wp:term":[{"taxonomy":"profile-tag","embeddable":true,"href":"https:\/\/naturethroughhereyes.com\/fr\/wp-json\/wp\/v2\/profile-tag?post=1956"}],"curies":[{"name":"wp","href":"https:\/\/api.w.org\/{rel}","templated":true}]}}