{"id":1961,"date":"2022-11-14T13:32:39","date_gmt":"2022-11-14T13:32:39","guid":{"rendered":"https:\/\/naturethroughhereyes.com\/bird-ringers-of-kenya\/"},"modified":"2022-11-14T15:02:12","modified_gmt":"2022-11-14T15:02:12","slug":"bird-ringers-of-kenya","status":"publish","type":"page","link":"https:\/\/naturethroughhereyes.com\/fr\/projections\/bird-ringers-of-kenya\/","title":{"rendered":"Bird Ringers of Kenya"},"content":{"rendered":"<p>Un film par Michelle Donde<\/p>\n<p>Prendre des oiseaux dans un filet, les attraper par le cou et leur attacher une bague autour des pattes peut sembler peu agr\u00e9able. Mais lorsqu&#8217;elle est effectu\u00e9e par les mains douces et professionnelles des membres du Nairobi Ringing Group, il est difficile de ne pas rester bouche b\u00e9e. Ce groupe tr\u00e8s uni a perfectionn\u00e9 la technique du baguage des oiseaux. Une pratique n\u00e9cessaire qui permet de surveiller la migration des oiseaux, la sant\u00e9 d&#8217;un \u00e9cosyst\u00e8me et de g\u00e9rer les populations d&#8217;oiseaux, entre autres facteurs environnementaux. Plongez dans le monde fascinant du baguage des oiseaux au Kenya.<\/p>\n","protected":false},"excerpt":{"rendered":"<p>Un film par Michelle Donde<\/p>\n","protected":false},"author":1,"featured_media":1959,"parent":1977,"menu_order":7,"comment_status":"closed","ping_status":"closed","template":"","meta":{"_acf_changed":false,"_monsterinsights_skip_tracking":false,"_monsterinsights_sitenote_active":false,"_monsterinsights_sitenote_note":"","_monsterinsights_sitenote_category":0,"footnotes":""},"profile-tag":[],"class_list":["post-1961","page","type-page","status-publish","has-post-thumbnail","hentry"],"acf":[],"yoast_head":"<!-- This site is optimized with the Yoast SEO plugin v26.7 - https:\/\/yoast.com\/wordpress\/plugins\/seo\/ -->\n<title>Bird Ringers of Kenya - Nature Le Regard F\u00e9minin<\/title>\n<meta name=\"robots\" content=\"index, follow, max-snippet:-1, max-image-preview:large, max-video-preview:-1\" \/>\n<link rel=\"canonical\" href=\"https:\/\/naturethroughhereyes.com\/fr\/projections\/bird-ringers-of-kenya\/\" \/>\n<meta property=\"og:locale\" content=\"fr_FR\" \/>\n<meta property=\"og:type\" content=\"article\" \/>\n<meta property=\"og:title\" content=\"Bird Ringers of Kenya - Nature Le Regard F\u00e9minin\" \/>\n<meta property=\"og:description\" content=\"Un film par Michelle Donde\" \/>\n<meta property=\"og:url\" content=\"https:\/\/naturethroughhereyes.com\/fr\/projections\/bird-ringers-of-kenya\/\" \/>\n<meta property=\"og:site_name\" content=\"Nature Le Regard F\u00e9minin\" \/>\n<meta property=\"article:modified_time\" content=\"2022-11-14T15:02:12+00:00\" \/>\n<meta property=\"og:image\" content=\"https:\/\/naturethroughhereyes.com\/app\/uploads\/2022\/11\/bird-ringers-of-kenya-michelle-donde.jpg\" \/>\n\t<meta property=\"og:image:width\" content=\"706\" \/>\n\t<meta property=\"og:image:height\" content=\"1000\" \/>\n\t<meta property=\"og:image:type\" content=\"image\/jpeg\" \/>\n<meta name=\"twitter:card\" content=\"summary_large_image\" \/>\n<meta name=\"twitter:site\" content=\"@hereyesnature\" \/>\n<meta name=\"twitter:label1\" content=\"Est. reading time\" \/>\n\t<meta name=\"twitter:data1\" content=\"1 minute\" \/>\n<script type=\"application\/ld+json\" class=\"yoast-schema-graph\">{\"@context\":\"https:\/\/schema.org\",\"@graph\":[{\"@type\":\"WebPage\",\"@id\":\"https:\/\/naturethroughhereyes.com\/fr\/projections\/bird-ringers-of-kenya\/\",\"url\":\"https:\/\/naturethroughhereyes.com\/fr\/projections\/bird-ringers-of-kenya\/\",\"name\":\"Bird Ringers of Kenya - Nature Le Regard F\u00e9minin\",\"isPartOf\":{\"@id\":\"https:\/\/naturethroughhereyes.com\/#website\"},\"primaryImageOfPage\":{\"@id\":\"https:\/\/naturethroughhereyes.com\/fr\/projections\/bird-ringers-of-kenya\/#primaryimage\"},\"image\":{\"@id\":\"https:\/\/naturethroughhereyes.com\/fr\/projections\/bird-ringers-of-kenya\/#primaryimage\"},\"thumbnailUrl\":\"https:\/\/naturethroughhereyes.com\/app\/uploads\/2022\/11\/bird-ringers-of-kenya-michelle-donde.jpg\",\"datePublished\":\"2022-11-14T13:32:39+00:00\",\"dateModified\":\"2022-11-14T15:02:12+00:00\",\"breadcrumb\":{\"@id\":\"https:\/\/naturethroughhereyes.com\/fr\/projections\/bird-ringers-of-kenya\/#breadcrumb\"},\"inLanguage\":\"fr-FR\",\"potentialAction\":[{\"@type\":\"ReadAction\",\"target\":[\"https:\/\/naturethroughhereyes.com\/fr\/projections\/bird-ringers-of-kenya\/\"]}]},{\"@type\":\"ImageObject\",\"inLanguage\":\"fr-FR\",\"@id\":\"https:\/\/naturethroughhereyes.com\/fr\/projections\/bird-ringers-of-kenya\/#primaryimage\",\"url\":\"https:\/\/naturethroughhereyes.com\/app\/uploads\/2022\/11\/bird-ringers-of-kenya-michelle-donde.jpg\",\"contentUrl\":\"https:\/\/naturethroughhereyes.com\/app\/uploads\/2022\/11\/bird-ringers-of-kenya-michelle-donde.jpg\",\"width\":706,\"height\":1000},{\"@type\":\"BreadcrumbList\",\"@id\":\"https:\/\/naturethroughhereyes.com\/fr\/projections\/bird-ringers-of-kenya\/#breadcrumb\",\"itemListElement\":[{\"@type\":\"ListItem\",\"position\":1,\"name\":\"Home\",\"item\":\"https:\/\/naturethroughhereyes.com\/fr\/\"},{\"@type\":\"ListItem\",\"position\":2,\"name\":\"Projections\",\"item\":\"https:\/\/naturethroughhereyes.com\/fr\/projections\/\"},{\"@type\":\"ListItem\",\"position\":3,\"name\":\"Bird Ringers of Kenya\"}]},{\"@type\":\"WebSite\",\"@id\":\"https:\/\/naturethroughhereyes.com\/#website\",\"url\":\"https:\/\/naturethroughhereyes.com\/\",\"name\":\"Nature Through Her Eyes\",\"description\":\"Quatre jours de c\u00e9l\u00e9bration, discussions et projections\",\"publisher\":{\"@id\":\"https:\/\/naturethroughhereyes.com\/#organization\"},\"potentialAction\":[{\"@type\":\"SearchAction\",\"target\":{\"@type\":\"EntryPoint\",\"urlTemplate\":\"https:\/\/naturethroughhereyes.com\/?s={search_term_string}\"},\"query-input\":{\"@type\":\"PropertyValueSpecification\",\"valueRequired\":true,\"valueName\":\"search_term_string\"}}],\"inLanguage\":\"fr-FR\"},{\"@type\":\"Organization\",\"@id\":\"https:\/\/naturethroughhereyes.com\/#organization\",\"name\":\"Nature Through Her Eyes\",\"url\":\"https:\/\/naturethroughhereyes.com\/\",\"logo\":{\"@type\":\"ImageObject\",\"inLanguage\":\"fr-FR\",\"@id\":\"https:\/\/naturethroughhereyes.com\/#\/schema\/logo\/image\/\",\"url\":\"https:\/\/naturethroughhereyes.com\/app\/uploads\/2023\/05\/nthe-logo.jpg\",\"contentUrl\":\"https:\/\/naturethroughhereyes.com\/app\/uploads\/2023\/05\/nthe-logo.jpg\",\"width\":600,\"height\":400,\"caption\":\"Nature Through Her Eyes\"},\"image\":{\"@id\":\"https:\/\/naturethroughhereyes.com\/#\/schema\/logo\/image\/\"},\"sameAs\":[\"https:\/\/x.com\/hereyesnature\",\"https:\/\/www.instagram.com\/hereyesnature\/\"]}]}<\/script>\n<!-- \/ Yoast SEO plugin. -->","yoast_head_json":{"title":"Bird Ringers of Kenya - Nature Le Regard F\u00e9minin","robots":{"index":"index","follow":"follow","max-snippet":"max-snippet:-1","max-image-preview":"max-image-preview:large","max-video-preview":"max-video-preview:-1"},"canonical":"https:\/\/naturethroughhereyes.com\/fr\/projections\/bird-ringers-of-kenya\/","og_locale":"fr_FR","og_type":"article","og_title":"Bird Ringers of Kenya - Nature Le Regard F\u00e9minin","og_description":"Un film par Michelle Donde","og_url":"https:\/\/naturethroughhereyes.com\/fr\/projections\/bird-ringers-of-kenya\/","og_site_name":"Nature Le Regard F\u00e9minin","article_modified_time":"2022-11-14T15:02:12+00:00","og_image":[{"width":706,"height":1000,"url":"https:\/\/naturethroughhereyes.com\/app\/uploads\/2022\/11\/bird-ringers-of-kenya-michelle-donde.jpg","type":"image\/jpeg"}],"twitter_card":"summary_large_image","twitter_site":"@hereyesnature","twitter_misc":{"Est. reading time":"1 minute"},"schema":{"@context":"https:\/\/schema.org","@graph":[{"@type":"WebPage","@id":"https:\/\/naturethroughhereyes.com\/fr\/projections\/bird-ringers-of-kenya\/","url":"https:\/\/naturethroughhereyes.com\/fr\/projections\/bird-ringers-of-kenya\/","name":"Bird Ringers of Kenya - Nature Le Regard F\u00e9minin","isPartOf":{"@id":"https:\/\/naturethroughhereyes.com\/#website"},"primaryImageOfPage":{"@id":"https:\/\/naturethroughhereyes.com\/fr\/projections\/bird-ringers-of-kenya\/#primaryimage"},"image":{"@id":"https:\/\/naturethroughhereyes.com\/fr\/projections\/bird-ringers-of-kenya\/#primaryimage"},"thumbnailUrl":"https:\/\/naturethroughhereyes.com\/app\/uploads\/2022\/11\/bird-ringers-of-kenya-michelle-donde.jpg","datePublished":"2022-11-14T13:32:39+00:00","dateModified":"2022-11-14T15:02:12+00:00","breadcrumb":{"@id":"https:\/\/naturethroughhereyes.com\/fr\/projections\/bird-ringers-of-kenya\/#breadcrumb"},"inLanguage":"fr-FR","potentialAction":[{"@type":"ReadAction","target":["https:\/\/naturethroughhereyes.com\/fr\/projections\/bird-ringers-of-kenya\/"]}]},{"@type":"ImageObject","inLanguage":"fr-FR","@id":"https:\/\/naturethroughhereyes.com\/fr\/projections\/bird-ringers-of-kenya\/#primaryimage","url":"https:\/\/naturethroughhereyes.com\/app\/uploads\/2022\/11\/bird-ringers-of-kenya-michelle-donde.jpg","contentUrl":"https:\/\/naturethroughhereyes.com\/app\/uploads\/2022\/11\/bird-ringers-of-kenya-michelle-donde.jpg","width":706,"height":1000},{"@type":"BreadcrumbList","@id":"https:\/\/naturethroughhereyes.com\/fr\/projections\/bird-ringers-of-kenya\/#breadcrumb","itemListElement":[{"@type":"ListItem","position":1,"name":"Home","item":"https:\/\/naturethroughhereyes.com\/fr\/"},{"@type":"ListItem","position":2,"name":"Projections","item":"https:\/\/naturethroughhereyes.com\/fr\/projections\/"},{"@type":"ListItem","position":3,"name":"Bird Ringers of Kenya"}]},{"@type":"WebSite","@id":"https:\/\/naturethroughhereyes.com\/#website","url":"https:\/\/naturethroughhereyes.com\/","name":"Nature Through Her Eyes","description":"Quatre jours de c\u00e9l\u00e9bration, discussions et projections","publisher":{"@id":"https:\/\/naturethroughhereyes.com\/#organization"},"potentialAction":[{"@type":"SearchAction","target":{"@type":"EntryPoint","urlTemplate":"https:\/\/naturethroughhereyes.com\/?s={search_term_string}"},"query-input":{"@type":"PropertyValueSpecification","valueRequired":true,"valueName":"search_term_string"}}],"inLanguage":"fr-FR"},{"@type":"Organization","@id":"https:\/\/naturethroughhereyes.com\/#organization","name":"Nature Through Her Eyes","url":"https:\/\/naturethroughhereyes.com\/","logo":{"@type":"ImageObject","inLanguage":"fr-FR","@id":"https:\/\/naturethroughhereyes.com\/#\/schema\/logo\/image\/","url":"https:\/\/naturethroughhereyes.com\/app\/uploads\/2023\/05\/nthe-logo.jpg","contentUrl":"https:\/\/naturethroughhereyes.com\/app\/uploads\/2023\/05\/nthe-logo.jpg","width":600,"height":400,"caption":"Nature Through Her Eyes"},"image":{"@id":"https:\/\/naturethroughhereyes.com\/#\/schema\/logo\/image\/"},"sameAs":["https:\/\/x.com\/hereyesnature","https:\/\/www.instagram.com\/hereyesnature\/"]}]}},"_links":{"self":[{"href":"https:\/\/naturethroughhereyes.com\/fr\/wp-json\/wp\/v2\/pages\/1961","targetHints":{"allow":["GET"]}}],"collection":[{"href":"https:\/\/naturethroughhereyes.com\/fr\/wp-json\/wp\/v2\/pages"}],"about":[{"href":"https:\/\/naturethroughhereyes.com\/fr\/wp-json\/wp\/v2\/types\/page"}],"author":[{"embeddable":true,"href":"https:\/\/naturethroughhereyes.com\/fr\/wp-json\/wp\/v2\/users\/1"}],"replies":[{"embeddable":true,"href":"https:\/\/naturethroughhereyes.com\/fr\/wp-json\/wp\/v2\/comments?post=1961"}],"version-history":[{"count":3,"href":"https:\/\/naturethroughhereyes.com\/fr\/wp-json\/wp\/v2\/pages\/1961\/revisions"}],"predecessor-version":[{"id":1964,"href":"https:\/\/naturethroughhereyes.com\/fr\/wp-json\/wp\/v2\/pages\/1961\/revisions\/1964"}],"up":[{"embeddable":true,"href":"https:\/\/naturethroughhereyes.com\/fr\/wp-json\/wp\/v2\/pages\/1977"}],"wp:featuredmedia":[{"embeddable":true,"href":"https:\/\/naturethroughhereyes.com\/fr\/wp-json\/wp\/v2\/media\/1959"}],"wp:attachment":[{"href":"https:\/\/naturethroughhereyes.com\/fr\/wp-json\/wp\/v2\/media?parent=1961"}],"wp:term":[{"taxonomy":"profile-tag","embeddable":true,"href":"https:\/\/naturethroughhereyes.com\/fr\/wp-json\/wp\/v2\/profile-tag?post=1961"}],"curies":[{"name":"wp","href":"https:\/\/api.w.org\/{rel}","templated":true}]}}