{"id":4829,"date":"2025-04-14T14:42:23","date_gmt":"2025-04-14T14:42:23","guid":{"rendered":"https:\/\/naturethroughhereyes.com\/notre-impact-2\/actualites\/"},"modified":"2025-11-04T14:38:58","modified_gmt":"2025-11-04T14:38:58","slug":"actualites","status":"publish","type":"page","link":"https:\/\/naturethroughhereyes.com\/fr\/notre-impact\/actualites\/","title":{"rendered":"Actualit\u00e9s"},"content":{"rendered":"\t\t<div data-elementor-type=\"wp-page\" data-elementor-id=\"4829\" class=\"elementor elementor-4829 elementor-3793\" data-elementor-post-type=\"page\">\n\t\t\t\t<div class=\"elementor-element elementor-element-b2239cc e-flex e-con-boxed e-con e-parent\" data-id=\"b2239cc\" data-element_type=\"container\" data-settings=\"{&quot;jet_parallax_layout_list&quot;:[]}\">\n\t\t\t\t\t<div class=\"e-con-inner\">\n\t\t<div class=\"elementor-element elementor-element-63bd782 e-con-full e-flex e-con e-child\" data-id=\"63bd782\" data-element_type=\"container\" data-settings=\"{&quot;jet_parallax_layout_list&quot;:[]}\">\n\t\t\t\t<div class=\"elementor-element elementor-element-63f5774 elementor-widget__width-initial elementor-widget elementor-widget-image\" data-id=\"63f5774\" data-element_type=\"widget\" data-widget_type=\"image.default\">\n\t\t\t\t<div class=\"elementor-widget-container\">\n\t\t\t\t\t\t\t\t\t\t\t\t\t\t\t<img fetchpriority=\"high\" decoding=\"async\" width=\"474\" height=\"248\" src=\"https:\/\/naturethroughhereyes.com\/app\/uploads\/2025\/04\/dfelogo-1.jpeg\" class=\"attachment-large size-large wp-image-3882\" alt=\"\" \/>\t\t\t\t\t\t\t\t\t\t\t\t\t\t\t<\/div>\n\t\t\t\t<\/div>\n\t\t<div class=\"elementor-element elementor-element-a95c24d e-con-full e-flex e-con e-child\" data-id=\"a95c24d\" data-element_type=\"container\" data-settings=\"{&quot;jet_parallax_layout_list&quot;:[]}\">\n\t\t\t\t<div class=\"elementor-element elementor-element-e419332 elementor-widget elementor-widget-heading\" data-id=\"e419332\" data-element_type=\"widget\" data-widget_type=\"heading.default\">\n\t\t\t\t<div class=\"elementor-widget-container\">\n\t\t\t\t\t<h3 class=\"elementor-heading-title elementor-size-default\">NATURE: LE REGARD F\u00c9MININ, LAUR\u00c9AT DE LA BOURSE \u00ab&nbsp;DAUGHTERS FOR EARTH&nbsp;\u00bb<\/h3>\t\t\t\t<\/div>\n\t\t\t\t<\/div>\n\t\t\t\t<div class=\"elementor-element elementor-element-db037ef elementor-widget elementor-widget-text-editor\" data-id=\"db037ef\" data-element_type=\"widget\" data-widget_type=\"text-editor.default\">\n\t\t\t\t<div class=\"elementor-widget-container\">\n\t\t\t\t\t\t\t\t\t<p>Nature: Le Regard F\u00e9minin est heureux d\u2019annoncer l\u2019obtention de la bourse \u00ab Daughters for Earth \u00bb, une reconnaissance de notre engagement \u00e0 valoriser le r\u00f4le des femmes dans les r\u00e9cits environnementaux et \u00e0 offrir une repr\u00e9sentation du monde naturel \u00e0 travers des perspectives riches, vari\u00e9es et souvent peu mises en lumi\u00e8re.<\/p><p>\u00ab Daughters for Earth \u00bb est \u00e0 la fois un mouvement et un fonds d\u00e9di\u00e9 au soutien et \u00e0 la mobilisation des femmes pour la protection et la restauration de notre plan\u00e8te. Sa mission repose sur une conviction forte: les femmes jouent un r\u00f4le essentiel dans la r\u00e9ponse aux enjeux climatiques, et l\u2019investissement dans des initiatives port\u00e9es par des femmes peut g\u00e9n\u00e9rer des changements profonds et durables pour l\u2019environnement.<\/p><p>Cette bourse permettra \u00e0 Nature: Le Regard F\u00e9minin de poursuivre son travail fondamental: red\u00e9finir notre perception du monde naturel gr\u00e2ce au regard de femmes qui participent activement \u00e0 la pr\u00e9servation de la plan\u00e8te et \u00e0 l\u2019\u00e9laboration de nouveaux r\u00e9cits \u00e9cologiques.<\/p><p><a href=\"https:\/\/daughtersforearth.org\/\">https:\/\/daughtersforearth.org\/<\/a><\/p>\t\t\t\t\t\t\t\t<\/div>\n\t\t\t\t<\/div>\n\t\t\t\t<\/div>\n\t\t\t\t<\/div>\n\t\t<div class=\"elementor-element elementor-element-3ad5078 e-con-full e-flex e-con e-child\" data-id=\"3ad5078\" data-element_type=\"container\" data-settings=\"{&quot;jet_parallax_layout_list&quot;:[]}\">\n\t\t\t\t<div class=\"elementor-element elementor-element-05362e9 elementor-widget__width-initial elementor-widget elementor-widget-image\" data-id=\"05362e9\" data-element_type=\"widget\" data-widget_type=\"image.default\">\n\t\t\t\t<div class=\"elementor-widget-container\">\n\t\t\t\t\t\t\t\t\t\t\t\t\t\t\t<img decoding=\"async\" width=\"800\" height=\"800\" src=\"https:\/\/naturethroughhereyes.com\/app\/uploads\/2025\/04\/pioneers-in-sdgs-logo-1.png\" class=\"attachment-large size-large wp-image-3849\" alt=\"Nature Through Her Eyes honoured with Pioneer in SDG Stakeholders Award by the Journalists and Writer&#039;s Association.\" srcset=\"https:\/\/naturethroughhereyes.com\/app\/uploads\/2025\/04\/pioneers-in-sdgs-logo-1.png 1080w, https:\/\/naturethroughhereyes.com\/app\/uploads\/2025\/04\/pioneers-in-sdgs-logo-1-960x960.png 960w, https:\/\/naturethroughhereyes.com\/app\/uploads\/2025\/04\/pioneers-in-sdgs-logo-1-480x480.png 480w, https:\/\/naturethroughhereyes.com\/app\/uploads\/2025\/04\/pioneers-in-sdgs-logo-1-768x768.png 768w\" sizes=\"(max-width: 800px) 100vw, 800px\" \/>\t\t\t\t\t\t\t\t\t\t\t\t\t\t\t<\/div>\n\t\t\t\t<\/div>\n\t\t<div class=\"elementor-element elementor-element-ecd7733 e-con-full e-flex e-con e-child\" data-id=\"ecd7733\" data-element_type=\"container\" data-settings=\"{&quot;jet_parallax_layout_list&quot;:[]}\">\n\t\t\t\t<div class=\"elementor-element elementor-element-29f50de elementor-widget elementor-widget-heading\" data-id=\"29f50de\" data-element_type=\"widget\" data-widget_type=\"heading.default\">\n\t\t\t\t<div class=\"elementor-widget-container\">\n\t\t\t\t\t<h3 class=\"elementor-heading-title elementor-size-default\">NATURE: LE REGARD F\u00c9MININ R\u00c9COMPENS\u00c9 PAR LE PRIX \u00ab&nbsp;PIONEER IN SDG STAKEHOLDERS&nbsp;\u00bb DE L\u2019ASSOCIATION DES JOURNALISTES ET \u00c9CRIVAINS<\/h3>\t\t\t\t<\/div>\n\t\t\t\t<\/div>\n\t\t\t\t<div class=\"elementor-element elementor-element-f198bd2 elementor-widget elementor-widget-text-editor\" data-id=\"f198bd2\" data-element_type=\"widget\" data-widget_type=\"text-editor.default\">\n\t\t\t\t<div class=\"elementor-widget-container\">\n\t\t\t\t\t\t\t\t\t<p>Nature: Le Regard F\u00e9minin a eu l\u2019honneur de recevoir le prix \u00ab Pioneer in SDG Stakeholders Award \u00bb, d\u00e9cern\u00e9 par l\u2019Association des journalistes et \u00e9crivains, en reconnaissance de notre engagement envers les Objectifs de D\u00e9veloppement Durable (ODD) des Nations Unies.<\/p>\n<p>Ce prix prestigieux met en lumi\u00e8re nos actions en faveur des ODD 13 (Lutte contre les changements climatiques), ODD 14 (Vie aquatique) et ODD 15 (Vie terrestre), que nous promouvons \u00e0 travers le cin\u00e9ma et le r\u00e9cit, outils puissants de sensibilisation, d\u2019\u00e9ducation et de mobilisation collective.<\/p>\n<p>Cette distinction refl\u00e8te le travail collectif de notre \u00e9quipe, de nos mentors, de nos participantes et de nos partenaires. Elle souligne \u00e9galement l\u2019importance du regard f\u00e9minin dans la narration de la nature et dans les efforts de pr\u00e9servation de notre environnement.<\/p>\n<p>Notre programme continue de s\u2019\u00e9panouir, et nous avons h\u00e2te d\u2019en r\u00e9colter les fruits : qu\u2019il s\u2019agisse de soutenir la prochaine g\u00e9n\u00e9ration de r\u00e9alisatrices ou de sensibiliser le grand public \u00e0 une approche plus \u00e9quitable et durable de l\u2019environnement. Merci et f\u00e9licitations \u00e0 toutes celles et ceux qui rendent cela possible.<\/p>\n\t\t\t\t\t\t\t\t<\/div>\n\t\t\t\t<\/div>\n\t\t\t\t<\/div>\n\t\t\t\t<\/div>\n\t\t<div class=\"elementor-element elementor-element-ef70c1b e-con-full e-flex e-con e-child\" data-id=\"ef70c1b\" data-element_type=\"container\" data-settings=\"{&quot;jet_parallax_layout_list&quot;:[]}\">\n\t\t<div class=\"elementor-element elementor-element-626caa3 e-con-full e-grid e-con e-child\" data-id=\"626caa3\" data-element_type=\"container\" data-settings=\"{&quot;jet_parallax_layout_list&quot;:[]}\">\n\t\t<div class=\"elementor-element elementor-element-3c176b8 e-con-full e-flex e-con e-child\" data-id=\"3c176b8\" data-element_type=\"container\" data-settings=\"{&quot;jet_parallax_layout_list&quot;:[]}\">\n\t\t\t\t<div class=\"elementor-element elementor-element-f25ee75 elementor-widget elementor-widget-heading\" data-id=\"f25ee75\" data-element_type=\"widget\" data-widget_type=\"heading.default\">\n\t\t\t\t<div class=\"elementor-widget-container\">\n\t\t\t\t\t<h3 class=\"elementor-heading-title elementor-size-default\">PAULA KAHUMBU RECONNUE COMME L'UNE DES 25 FEMMES LES PLUS INFLUENTES DE 2022 PAR LE FINANCIAL TIMES.<\/h3>\t\t\t\t<\/div>\n\t\t\t\t<\/div>\n\t\t\t\t<div class=\"elementor-element elementor-element-f83a8c2 elementor-widget elementor-widget-text-editor\" data-id=\"f83a8c2\" data-element_type=\"widget\" data-widget_type=\"text-editor.default\">\n\t\t\t\t<div class=\"elementor-widget-container\">\n\t\t\t\t\t\t\t\t\t<p>Paula Kahumbu est depuis longtemps une voix de la protection de l\u2019environment. Sa campagne \u201cHands Off Our Elephants\u201d a attir\u00e9 l\u2019attention sur la menace d\u2019extinction des \u00e9l\u00e9phants au Kenya et a convaincu m\u00eame les plus hauts responsables politiques, de soutenir leur protection.<\/p>\n<p>Ses efforts ont eu un impact direct sur l\u2019augmentation du nombre d\u2019\u00e9l\u00e9phants au Kenya : la population a doubl\u00e9 depuis la fin des ann\u00e9es 1980. Le plaidoyer de Paula a permis de sensibiliser la communaut\u00e9 internationale \u00e0 la responsabilit\u00e9 que nous avons tous \u00e0 l\u2019\u00e9gard de la protection de la faune sauvage, et notamment des \u00e9l\u00e9phants.<\/p>\n<p>Paula a identifier les priorit\u00e9s \u2013 l\u00e0 o\u00f9 les dangers sont r\u00e9els, l\u00e0 o\u00f9 l\u2019extinction est une r\u00e9elle possibilit\u00e9 \u2013 et les a abord\u00e9s avec courage et determination, soulevant les probl\u00e8mes et proposant \u00e9galement les solutions possibles. Une penseuse s\u00e9rieuse et pragmatique Paula est aussi une pionni\u00e8re qui a choisi un domaine qui n\u2019est pas facile pour beaucoup de femmes. \u2018J\u2019ai beaucoup de respect et d\u2019admiration pour Paula\u2019 nous dit Amina Mohamed, une ancienne secr\u00e9taire de cabinet kenyane et ambassadrice aupr\u00e8s de l\u2019ONU.<\/p>\n\t\t\t\t\t\t\t\t<\/div>\n\t\t\t\t<\/div>\n\t\t\t\t<\/div>\n\t\t\t\t<\/div>\n\t\t\t\t<\/div>\n\t\t\t\t\t<\/div>\n\t\t\t\t<\/div>\n\t\t\t\t<\/div>\n\t\t","protected":false},"excerpt":{"rendered":"<p>NATURE: LE REGARD F\u00c9MININ, LAUR\u00c9AT DE LA BOURSE \u00ab&nbsp;DAUGHTERS FOR EARTH&nbsp;\u00bb Nature: Le Regard F\u00e9minin est heureux d\u2019annoncer l\u2019obtention de la bourse \u00ab Daughters for Earth \u00bb, une reconnaissance de notre engagement \u00e0 valoriser le r\u00f4le des femmes dans les r\u00e9cits environnementaux et \u00e0 offrir une repr\u00e9sentation du monde naturel \u00e0 travers des perspectives riches, [&hellip;]<\/p>\n","protected":false},"author":1,"featured_media":0,"parent":4298,"menu_order":1,"comment_status":"closed","ping_status":"closed","template":"","meta":{"_acf_changed":false,"_monsterinsights_skip_tracking":false,"_monsterinsights_sitenote_active":false,"_monsterinsights_sitenote_note":"","_monsterinsights_sitenote_category":0,"footnotes":""},"profile-tag":[],"class_list":["post-4829","page","type-page","status-publish","hentry"],"acf":[],"yoast_head":"<!-- This site is optimized with the Yoast SEO plugin v27.6 - https:\/\/yoast.com\/product\/yoast-seo-wordpress\/ -->\n<title>Actualit\u00e9s - Nature Le Regard F\u00e9minin<\/title>\n<meta name=\"robots\" content=\"index, follow, max-snippet:-1, max-image-preview:large, max-video-preview:-1\" \/>\n<link rel=\"canonical\" href=\"https:\/\/naturethroughhereyes.com\/fr\/notre-impact\/actualites\/\" \/>\n<meta property=\"og:locale\" content=\"fr_FR\" \/>\n<meta property=\"og:type\" content=\"article\" \/>\n<meta property=\"og:title\" content=\"Actualit\u00e9s - Nature Le Regard F\u00e9minin\" \/>\n<meta property=\"og:description\" content=\"NATURE: LE REGARD F\u00c9MININ, LAUR\u00c9AT DE LA BOURSE \u00ab&nbsp;DAUGHTERS FOR EARTH&nbsp;\u00bb Nature: Le Regard F\u00e9minin est heureux d\u2019annoncer l\u2019obtention de la bourse \u00ab Daughters for Earth \u00bb, une reconnaissance de notre engagement \u00e0 valoriser le r\u00f4le des femmes dans les r\u00e9cits environnementaux et \u00e0 offrir une repr\u00e9sentation du monde naturel \u00e0 travers des perspectives riches, [&hellip;]\" \/>\n<meta property=\"og:url\" content=\"https:\/\/naturethroughhereyes.com\/fr\/notre-impact\/actualites\/\" \/>\n<meta property=\"og:site_name\" content=\"Nature Le Regard F\u00e9minin\" \/>\n<meta property=\"article:modified_time\" content=\"2025-11-04T14:38:58+00:00\" \/>\n<meta property=\"og:image\" content=\"https:\/\/naturethroughhereyes.com\/app\/uploads\/2025\/04\/dfelogo-1.jpeg\" \/>\n\t<meta property=\"og:image:width\" content=\"474\" \/>\n\t<meta property=\"og:image:height\" content=\"248\" \/>\n\t<meta property=\"og:image:type\" content=\"image\/jpeg\" \/>\n<meta name=\"twitter:card\" content=\"summary_large_image\" \/>\n<meta name=\"twitter:site\" content=\"@hereyesnature\" \/>\n<meta name=\"twitter:label1\" content=\"Est. reading time\" \/>\n\t<meta name=\"twitter:data1\" content=\"3 minutes\" \/>\n<script type=\"application\/ld+json\" class=\"yoast-schema-graph\">{\"@context\":\"https:\\\/\\\/schema.org\",\"@graph\":[{\"@type\":\"WebPage\",\"@id\":\"https:\\\/\\\/naturethroughhereyes.com\\\/fr\\\/notre-impact\\\/actualites\\\/\",\"url\":\"https:\\\/\\\/naturethroughhereyes.com\\\/fr\\\/notre-impact\\\/actualites\\\/\",\"name\":\"Actualit\u00e9s - Nature Le Regard F\u00e9minin\",\"isPartOf\":{\"@id\":\"https:\\\/\\\/naturethroughhereyes.com\\\/fr\\\/#website\"},\"primaryImageOfPage\":{\"@id\":\"https:\\\/\\\/naturethroughhereyes.com\\\/fr\\\/notre-impact\\\/actualites\\\/#primaryimage\"},\"image\":{\"@id\":\"https:\\\/\\\/naturethroughhereyes.com\\\/fr\\\/notre-impact\\\/actualites\\\/#primaryimage\"},\"thumbnailUrl\":\"https:\\\/\\\/naturethroughhereyes.com\\\/app\\\/uploads\\\/2025\\\/04\\\/dfelogo-1.jpeg\",\"datePublished\":\"2025-04-14T14:42:23+00:00\",\"dateModified\":\"2025-11-04T14:38:58+00:00\",\"breadcrumb\":{\"@id\":\"https:\\\/\\\/naturethroughhereyes.com\\\/fr\\\/notre-impact\\\/actualites\\\/#breadcrumb\"},\"inLanguage\":\"fr-FR\",\"potentialAction\":[{\"@type\":\"ReadAction\",\"target\":[\"https:\\\/\\\/naturethroughhereyes.com\\\/fr\\\/notre-impact\\\/actualites\\\/\"]}]},{\"@type\":\"ImageObject\",\"inLanguage\":\"fr-FR\",\"@id\":\"https:\\\/\\\/naturethroughhereyes.com\\\/fr\\\/notre-impact\\\/actualites\\\/#primaryimage\",\"url\":\"https:\\\/\\\/naturethroughhereyes.com\\\/app\\\/uploads\\\/2025\\\/04\\\/dfelogo-1.jpeg\",\"contentUrl\":\"https:\\\/\\\/naturethroughhereyes.com\\\/app\\\/uploads\\\/2025\\\/04\\\/dfelogo-1.jpeg\"},{\"@type\":\"BreadcrumbList\",\"@id\":\"https:\\\/\\\/naturethroughhereyes.com\\\/fr\\\/notre-impact\\\/actualites\\\/#breadcrumb\",\"itemListElement\":[{\"@type\":\"ListItem\",\"position\":1,\"name\":\"Home\",\"item\":\"https:\\\/\\\/naturethroughhereyes.com\\\/fr\\\/\"},{\"@type\":\"ListItem\",\"position\":2,\"name\":\"Notre Impact\",\"item\":\"https:\\\/\\\/naturethroughhereyes.com\\\/fr\\\/notre-impact\\\/\"},{\"@type\":\"ListItem\",\"position\":3,\"name\":\"Actualit\u00e9s\"}]},{\"@type\":\"WebSite\",\"@id\":\"https:\\\/\\\/naturethroughhereyes.com\\\/fr\\\/#website\",\"url\":\"https:\\\/\\\/naturethroughhereyes.com\\\/fr\\\/\",\"name\":\"Nature Through Her Eyes\",\"description\":\"Quatre jours de c\u00e9l\u00e9bration, discussions et projections\",\"publisher\":{\"@id\":\"https:\\\/\\\/naturethroughhereyes.com\\\/fr\\\/#organization\"},\"potentialAction\":[{\"@type\":\"SearchAction\",\"target\":{\"@type\":\"EntryPoint\",\"urlTemplate\":\"https:\\\/\\\/naturethroughhereyes.com\\\/fr\\\/?s={search_term_string}\"},\"query-input\":{\"@type\":\"PropertyValueSpecification\",\"valueRequired\":true,\"valueName\":\"search_term_string\"}}],\"inLanguage\":\"fr-FR\"},{\"@type\":\"Organization\",\"@id\":\"https:\\\/\\\/naturethroughhereyes.com\\\/fr\\\/#organization\",\"name\":\"Nature Through Her Eyes\",\"url\":\"https:\\\/\\\/naturethroughhereyes.com\\\/fr\\\/\",\"logo\":{\"@type\":\"ImageObject\",\"inLanguage\":\"fr-FR\",\"@id\":\"https:\\\/\\\/naturethroughhereyes.com\\\/fr\\\/#\\\/schema\\\/logo\\\/image\\\/\",\"url\":\"https:\\\/\\\/naturethroughhereyes.com\\\/app\\\/uploads\\\/2023\\\/05\\\/nthe-logo.jpg\",\"contentUrl\":\"https:\\\/\\\/naturethroughhereyes.com\\\/app\\\/uploads\\\/2023\\\/05\\\/nthe-logo.jpg\",\"width\":600,\"height\":400,\"caption\":\"Nature Through Her Eyes\"},\"image\":{\"@id\":\"https:\\\/\\\/naturethroughhereyes.com\\\/fr\\\/#\\\/schema\\\/logo\\\/image\\\/\"},\"sameAs\":[\"https:\\\/\\\/x.com\\\/hereyesnature\",\"https:\\\/\\\/www.instagram.com\\\/hereyesnature\\\/\"]}]}<\/script>\n<!-- \/ Yoast SEO plugin. -->","yoast_head_json":{"title":"Actualit\u00e9s - Nature Le Regard F\u00e9minin","robots":{"index":"index","follow":"follow","max-snippet":"max-snippet:-1","max-image-preview":"max-image-preview:large","max-video-preview":"max-video-preview:-1"},"canonical":"https:\/\/naturethroughhereyes.com\/fr\/notre-impact\/actualites\/","og_locale":"fr_FR","og_type":"article","og_title":"Actualit\u00e9s - Nature Le Regard F\u00e9minin","og_description":"NATURE: LE REGARD F\u00c9MININ, LAUR\u00c9AT DE LA BOURSE \u00ab&nbsp;DAUGHTERS FOR EARTH&nbsp;\u00bb Nature: Le Regard F\u00e9minin est heureux d\u2019annoncer l\u2019obtention de la bourse \u00ab Daughters for Earth \u00bb, une reconnaissance de notre engagement \u00e0 valoriser le r\u00f4le des femmes dans les r\u00e9cits environnementaux et \u00e0 offrir une repr\u00e9sentation du monde naturel \u00e0 travers des perspectives riches, [&hellip;]","og_url":"https:\/\/naturethroughhereyes.com\/fr\/notre-impact\/actualites\/","og_site_name":"Nature Le Regard F\u00e9minin","article_modified_time":"2025-11-04T14:38:58+00:00","og_image":[{"width":474,"height":248,"url":"https:\/\/naturethroughhereyes.com\/app\/uploads\/2025\/04\/dfelogo-1.jpeg","type":"image\/jpeg"}],"twitter_card":"summary_large_image","twitter_site":"@hereyesnature","twitter_misc":{"Est. reading time":"3 minutes"},"schema":{"@context":"https:\/\/schema.org","@graph":[{"@type":"WebPage","@id":"https:\/\/naturethroughhereyes.com\/fr\/notre-impact\/actualites\/","url":"https:\/\/naturethroughhereyes.com\/fr\/notre-impact\/actualites\/","name":"Actualit\u00e9s - Nature Le Regard F\u00e9minin","isPartOf":{"@id":"https:\/\/naturethroughhereyes.com\/fr\/#website"},"primaryImageOfPage":{"@id":"https:\/\/naturethroughhereyes.com\/fr\/notre-impact\/actualites\/#primaryimage"},"image":{"@id":"https:\/\/naturethroughhereyes.com\/fr\/notre-impact\/actualites\/#primaryimage"},"thumbnailUrl":"https:\/\/naturethroughhereyes.com\/app\/uploads\/2025\/04\/dfelogo-1.jpeg","datePublished":"2025-04-14T14:42:23+00:00","dateModified":"2025-11-04T14:38:58+00:00","breadcrumb":{"@id":"https:\/\/naturethroughhereyes.com\/fr\/notre-impact\/actualites\/#breadcrumb"},"inLanguage":"fr-FR","potentialAction":[{"@type":"ReadAction","target":["https:\/\/naturethroughhereyes.com\/fr\/notre-impact\/actualites\/"]}]},{"@type":"ImageObject","inLanguage":"fr-FR","@id":"https:\/\/naturethroughhereyes.com\/fr\/notre-impact\/actualites\/#primaryimage","url":"https:\/\/naturethroughhereyes.com\/app\/uploads\/2025\/04\/dfelogo-1.jpeg","contentUrl":"https:\/\/naturethroughhereyes.com\/app\/uploads\/2025\/04\/dfelogo-1.jpeg"},{"@type":"BreadcrumbList","@id":"https:\/\/naturethroughhereyes.com\/fr\/notre-impact\/actualites\/#breadcrumb","itemListElement":[{"@type":"ListItem","position":1,"name":"Home","item":"https:\/\/naturethroughhereyes.com\/fr\/"},{"@type":"ListItem","position":2,"name":"Notre Impact","item":"https:\/\/naturethroughhereyes.com\/fr\/notre-impact\/"},{"@type":"ListItem","position":3,"name":"Actualit\u00e9s"}]},{"@type":"WebSite","@id":"https:\/\/naturethroughhereyes.com\/fr\/#website","url":"https:\/\/naturethroughhereyes.com\/fr\/","name":"Nature Through Her Eyes","description":"Quatre jours de c\u00e9l\u00e9bration, discussions et projections","publisher":{"@id":"https:\/\/naturethroughhereyes.com\/fr\/#organization"},"potentialAction":[{"@type":"SearchAction","target":{"@type":"EntryPoint","urlTemplate":"https:\/\/naturethroughhereyes.com\/fr\/?s={search_term_string}"},"query-input":{"@type":"PropertyValueSpecification","valueRequired":true,"valueName":"search_term_string"}}],"inLanguage":"fr-FR"},{"@type":"Organization","@id":"https:\/\/naturethroughhereyes.com\/fr\/#organization","name":"Nature Through Her Eyes","url":"https:\/\/naturethroughhereyes.com\/fr\/","logo":{"@type":"ImageObject","inLanguage":"fr-FR","@id":"https:\/\/naturethroughhereyes.com\/fr\/#\/schema\/logo\/image\/","url":"https:\/\/naturethroughhereyes.com\/app\/uploads\/2023\/05\/nthe-logo.jpg","contentUrl":"https:\/\/naturethroughhereyes.com\/app\/uploads\/2023\/05\/nthe-logo.jpg","width":600,"height":400,"caption":"Nature Through Her Eyes"},"image":{"@id":"https:\/\/naturethroughhereyes.com\/fr\/#\/schema\/logo\/image\/"},"sameAs":["https:\/\/x.com\/hereyesnature","https:\/\/www.instagram.com\/hereyesnature\/"]}]}},"_links":{"self":[{"href":"https:\/\/naturethroughhereyes.com\/fr\/wp-json\/wp\/v2\/pages\/4829","targetHints":{"allow":["GET"]}}],"collection":[{"href":"https:\/\/naturethroughhereyes.com\/fr\/wp-json\/wp\/v2\/pages"}],"about":[{"href":"https:\/\/naturethroughhereyes.com\/fr\/wp-json\/wp\/v2\/types\/page"}],"author":[{"embeddable":true,"href":"https:\/\/naturethroughhereyes.com\/fr\/wp-json\/wp\/v2\/users\/1"}],"replies":[{"embeddable":true,"href":"https:\/\/naturethroughhereyes.com\/fr\/wp-json\/wp\/v2\/comments?post=4829"}],"version-history":[{"count":21,"href":"https:\/\/naturethroughhereyes.com\/fr\/wp-json\/wp\/v2\/pages\/4829\/revisions"}],"predecessor-version":[{"id":4908,"href":"https:\/\/naturethroughhereyes.com\/fr\/wp-json\/wp\/v2\/pages\/4829\/revisions\/4908"}],"up":[{"embeddable":true,"href":"https:\/\/naturethroughhereyes.com\/fr\/wp-json\/wp\/v2\/pages\/4298"}],"wp:attachment":[{"href":"https:\/\/naturethroughhereyes.com\/fr\/wp-json\/wp\/v2\/media?parent=4829"}],"wp:term":[{"taxonomy":"profile-tag","embeddable":true,"href":"https:\/\/naturethroughhereyes.com\/fr\/wp-json\/wp\/v2\/profile-tag?post=4829"}],"curies":[{"name":"wp","href":"https:\/\/api.w.org\/{rel}","templated":true}]}}