{"id":4909,"date":"2025-04-14T14:42:22","date_gmt":"2025-04-14T14:42:22","guid":{"rendered":"https:\/\/naturethroughhereyes.com\/notre-impact-2\/influence-2\/"},"modified":"2025-11-04T16:41:24","modified_gmt":"2025-11-04T16:41:24","slug":"influence-2","status":"publish","type":"page","link":"https:\/\/naturethroughhereyes.com\/fr\/notre-impact\/influence-2\/","title":{"rendered":"Influence"},"content":{"rendered":"\t\t<div data-elementor-type=\"wp-page\" data-elementor-id=\"4909\" class=\"elementor elementor-4909 elementor-3791\" data-elementor-post-type=\"page\">\n\t\t\t\t<div class=\"elementor-element elementor-element-ff6de68 e-flex e-con-boxed e-con e-parent\" data-id=\"ff6de68\" data-element_type=\"container\" data-settings=\"{&quot;jet_parallax_layout_list&quot;:[]}\">\n\t\t\t\t\t<div class=\"e-con-inner\">\n\t\t<div class=\"elementor-element elementor-element-c4154f4 e-con-full e-flex e-con e-child\" data-id=\"c4154f4\" data-element_type=\"container\" id=\"1\" data-settings=\"{&quot;jet_parallax_layout_list&quot;:[]}\">\n\t\t\t\t<div class=\"elementor-element elementor-element-d809f7c elementor-widget__width-initial elementor-widget elementor-widget-image\" data-id=\"d809f7c\" data-element_type=\"widget\" data-widget_type=\"image.default\">\n\t\t\t\t<div class=\"elementor-widget-container\">\n\t\t\t\t\t\t\t\t\t\t\t\t\t\t\t<img fetchpriority=\"high\" decoding=\"async\" width=\"385\" height=\"595\" src=\"https:\/\/naturethroughhereyes.com\/app\/uploads\/2025\/04\/intertwined.jpg\" class=\"attachment-medium_large size-medium_large wp-image-3843\" alt=\"\" \/>\t\t\t\t\t\t\t\t\t\t\t\t\t\t\t<\/div>\n\t\t\t\t<\/div>\n\t\t<div class=\"elementor-element elementor-element-c73c3fb e-con-full e-flex e-con e-child\" data-id=\"c73c3fb\" data-element_type=\"container\" data-settings=\"{&quot;jet_parallax_layout_list&quot;:[]}\">\n\t\t\t\t<div class=\"elementor-element elementor-element-3b01bc4 elementor-widget elementor-widget-heading\" data-id=\"3b01bc4\" data-element_type=\"widget\" data-widget_type=\"heading.default\">\n\t\t\t\t<div class=\"elementor-widget-container\">\n\t\t\t\t\t<h3 class=\"elementor-heading-title elementor-size-default\">REBECCA KORMOS D\u00c9VOILE INTERTWINED \u2014 UN CLIN D'OEIL \u00c0 NATURE : LE REGARD F\u00c9MININ<\/h3>\t\t\t\t<\/div>\n\t\t\t\t<\/div>\n\t\t\t\t<div class=\"elementor-element elementor-element-4453c37 elementor-widget elementor-widget-text-editor\" data-id=\"4453c37\" data-element_type=\"widget\" data-widget_type=\"text-editor.default\">\n\t\t\t\t<div class=\"elementor-widget-container\">\n\t\t\t\t\t\t\t\t\t<p>\u00ab Les mouvements \u00e9cologistes et f\u00e9ministes ont grandi comme les branches d\u2019un m\u00eame arbre\u2026 Le changement climatique n\u2019est pas seulement une crise environnementale, c\u2019est aussi une crise f\u00e9ministe. \u00bb<\/p>\n<p>Dans son nouveau livre, <em>Intertwined: Women, Nature, and Climate Justice<\/em>, Rebecca Kormos explore les liens profonds entre les femmes et la nature, en soulignant l\u2019interconnexion entre la justice environnementale et l\u2019\u00e9galit\u00e9 des genres.<\/p>\n<p>Les femmes, bien que souvent les plus touch\u00e9es par les effets du changement climatique, sont encore sous-repr\u00e9sent\u00e9es dans les d\u00e9cisions autour de l\u2019environnement. \u00c0 travers <em>Intertwined<\/em>, Kormos montre comment leur leadership peut faire \u00e9merger des solutions durables, allant de la r\u00e9duction des \u00e9missions \u00e0 une gestion plus \u00e9thique des ressources naturelles.<\/p>\n<p>Le livre rend hommage aux voix f\u00e9minines engag\u00e9es pour l\u2019environnement et la justice climatique, notamment au travers d\u2019un portrait de Jacqueline Farmer, cofondatrice de Nature: Le Regard F\u00e9minin.<\/p>\n<p>\u00ab Avec passion et acuit\u00e9, <em>Intertwined<\/em> tisse des r\u00e9cits d\u2019espoir, de d\u00e9termination et de transformation. Un hommage vibrant \u00e0 l\u2019action f\u00e9minine face \u00e0 la crise climatique. \u00bb<\/p>\n<p>\u2014 Dr. Jane Goodall, DBE, fondatrice du Jane Goodall Institute<\/p>\n<p>Plus d\u2019infos : <a href=\"http:\/\/thenewpress.com\/books\/intertwined\" target=\"_blank\" rel=\"noopener\">thenewpress.com\/books\/intertwined<\/a><\/p>\n<p>Disponible chez Amazon, Barnes &amp; Noble, et dans les librairies ind\u00e9pendantes.<\/p>\n\t\t\t\t\t\t\t\t<\/div>\n\t\t\t\t<\/div>\n\t\t\t\t<\/div>\n\t\t\t\t<\/div>\n\t\t<div class=\"elementor-element elementor-element-785c4f2 e-con-full e-flex e-con e-child\" data-id=\"785c4f2\" data-element_type=\"container\" id=\"2\" data-settings=\"{&quot;jet_parallax_layout_list&quot;:[]}\">\n\t\t\t\t<div class=\"elementor-element elementor-element-7037506 elementor-widget__width-initial elementor-widget elementor-widget-image\" data-id=\"7037506\" data-element_type=\"widget\" data-widget_type=\"image.default\">\n\t\t\t\t<div class=\"elementor-widget-container\">\n\t\t\t\t\t\t\t\t\t\t\t\t\t\t\t<img decoding=\"async\" width=\"800\" height=\"751\" src=\"https:\/\/naturethroughhereyes.com\/app\/uploads\/2025\/04\/tedpost-1.jpg\" class=\"attachment-large size-large wp-image-3841\" alt=\"Kristina Obame and Jacqueline Farmer for TedxVail 2025 - Embracing the Female Gaze in Nature Filmmaking.\" srcset=\"https:\/\/naturethroughhereyes.com\/app\/uploads\/2025\/04\/tedpost-1.jpg 1079w, https:\/\/naturethroughhereyes.com\/app\/uploads\/2025\/04\/tedpost-1-960x901.jpg 960w, https:\/\/naturethroughhereyes.com\/app\/uploads\/2025\/04\/tedpost-1-768x721.jpg 768w\" sizes=\"(max-width: 800px) 100vw, 800px\" \/>\t\t\t\t\t\t\t\t\t\t\t\t\t\t\t<\/div>\n\t\t\t\t<\/div>\n\t\t<div class=\"elementor-element elementor-element-bb024d6 e-con-full e-flex e-con e-child\" data-id=\"bb024d6\" data-element_type=\"container\" data-settings=\"{&quot;jet_parallax_layout_list&quot;:[]}\">\n\t\t\t\t<div class=\"elementor-element elementor-element-19e711a elementor-widget elementor-widget-heading\" data-id=\"19e711a\" data-element_type=\"widget\" data-widget_type=\"heading.default\">\n\t\t\t\t<div class=\"elementor-widget-container\">\n\t\t\t\t\t<h3 class=\"elementor-heading-title elementor-size-default\">TEDxVAIL : KRISTINA OBAME ET JACQUELINE FARMER FONT ENTENDRE LEUR VOIX POUR UNE NOUVELLE VISION DU DOCUMENTAIRE ANIMALIER<\/h3>\t\t\t\t<\/div>\n\t\t\t\t<\/div>\n\t\t\t\t<div class=\"elementor-element elementor-element-18e3fd7 elementor-widget elementor-widget-text-editor\" data-id=\"18e3fd7\" data-element_type=\"widget\" data-widget_type=\"text-editor.default\">\n\t\t\t\t<div class=\"elementor-widget-container\">\n\t\t\t\t\t\t\t\t\t<p>En janvier 2025, Kristina Obame et Jacqueline Farmer, cofondatrices de Nature: Le Regard F\u00e9minin, ont pris la parole lors du TEDxVail, un \u00e9v\u00e9nement en ligne r\u00e9unissant 14 femmes aux avants postes de la pr\u00e9servation de l\u2019environnement dans le monde. <\/p>\n<p>\u00c0 travers leurs r\u00e9cits et leurs exp\u00e9riences, elles ont d\u00e9fendu une vision engag\u00e9e, sensible et profond\u00e9ment humaine du documentaire animalier. Leurs interventions ont illustr\u00e9 comment un regard f\u00e9minin peut transformer non seulement la fa\u00e7on dont on filme la nature, mais aussi la mani\u00e8re dont on la prot\u00e8ge.<\/p>\n<p>Leur message: redonner toute sa place \u00e0 l\u2019\u00e9motion, \u00e0 l\u2019empathie et \u00e0 l\u2019inclusion dans le r\u00e9cit environnemental, pour inspirer des changements concrets, de l\u2019Afrique \u00e0 l\u2019Asie, de l\u2019Europe \u00e0 l\u2019Am\u00e9rique du Sud.<\/p>\n\t\t\t\t\t\t\t\t<\/div>\n\t\t\t\t<\/div>\n\t\t\t\t<\/div>\n\t\t\t\t<\/div>\n\t\t\t\t\t<\/div>\n\t\t\t\t<\/div>\n\t\t\t\t<\/div>\n\t\t","protected":false},"excerpt":{"rendered":"<p>REBECCA KORMOS D\u00c9VOILE INTERTWINED \u2014 UN CLIN D&#8217;OEIL \u00c0 NATURE : LE REGARD F\u00c9MININ \u00ab Les mouvements \u00e9cologistes et f\u00e9ministes ont grandi comme les branches d\u2019un m\u00eame arbre\u2026 Le changement climatique n\u2019est pas seulement une crise environnementale, c\u2019est aussi une crise f\u00e9ministe. \u00bb Dans son nouveau livre, Intertwined: Women, Nature, and Climate Justice, Rebecca Kormos [&hellip;]<\/p>\n","protected":false},"author":1,"featured_media":0,"parent":4298,"menu_order":3,"comment_status":"closed","ping_status":"closed","template":"","meta":{"_acf_changed":false,"_monsterinsights_skip_tracking":false,"_monsterinsights_sitenote_active":false,"_monsterinsights_sitenote_note":"","_monsterinsights_sitenote_category":0,"footnotes":""},"profile-tag":[],"class_list":["post-4909","page","type-page","status-publish","hentry"],"acf":[],"yoast_head":"<!-- This site is optimized with the Yoast SEO plugin v27.6 - https:\/\/yoast.com\/product\/yoast-seo-wordpress\/ -->\n<title>Influence - Nature Le Regard F\u00e9minin<\/title>\n<meta name=\"robots\" content=\"index, follow, max-snippet:-1, max-image-preview:large, max-video-preview:-1\" \/>\n<link rel=\"canonical\" href=\"https:\/\/naturethroughhereyes.com\/fr\/notre-impact\/influence-2\/\" \/>\n<meta property=\"og:locale\" content=\"fr_FR\" \/>\n<meta property=\"og:type\" content=\"article\" \/>\n<meta property=\"og:title\" content=\"Influence - Nature Le Regard F\u00e9minin\" \/>\n<meta property=\"og:description\" content=\"REBECCA KORMOS D\u00c9VOILE INTERTWINED \u2014 UN CLIN D&#8217;OEIL \u00c0 NATURE : LE REGARD F\u00c9MININ \u00ab Les mouvements \u00e9cologistes et f\u00e9ministes ont grandi comme les branches d\u2019un m\u00eame arbre\u2026 Le changement climatique n\u2019est pas seulement une crise environnementale, c\u2019est aussi une crise f\u00e9ministe. \u00bb Dans son nouveau livre, Intertwined: Women, Nature, and Climate Justice, Rebecca Kormos [&hellip;]\" \/>\n<meta property=\"og:url\" content=\"https:\/\/naturethroughhereyes.com\/fr\/notre-impact\/influence-2\/\" \/>\n<meta property=\"og:site_name\" content=\"Nature Le Regard F\u00e9minin\" \/>\n<meta property=\"article:modified_time\" content=\"2025-11-04T16:41:24+00:00\" \/>\n<meta property=\"og:image\" content=\"https:\/\/naturethroughhereyes.com\/app\/uploads\/2025\/04\/intertwined.jpg\" \/>\n\t<meta property=\"og:image:width\" content=\"385\" \/>\n\t<meta property=\"og:image:height\" content=\"595\" \/>\n\t<meta property=\"og:image:type\" content=\"image\/jpeg\" \/>\n<meta name=\"twitter:card\" content=\"summary_large_image\" \/>\n<meta name=\"twitter:site\" content=\"@hereyesnature\" \/>\n<meta name=\"twitter:label1\" content=\"Est. reading time\" \/>\n\t<meta name=\"twitter:data1\" content=\"2 minutes\" \/>\n<script type=\"application\/ld+json\" class=\"yoast-schema-graph\">{\"@context\":\"https:\\\/\\\/schema.org\",\"@graph\":[{\"@type\":\"WebPage\",\"@id\":\"https:\\\/\\\/naturethroughhereyes.com\\\/fr\\\/notre-impact\\\/influence-2\\\/\",\"url\":\"https:\\\/\\\/naturethroughhereyes.com\\\/fr\\\/notre-impact\\\/influence-2\\\/\",\"name\":\"Influence - Nature Le Regard F\u00e9minin\",\"isPartOf\":{\"@id\":\"https:\\\/\\\/naturethroughhereyes.com\\\/fr\\\/#website\"},\"primaryImageOfPage\":{\"@id\":\"https:\\\/\\\/naturethroughhereyes.com\\\/fr\\\/notre-impact\\\/influence-2\\\/#primaryimage\"},\"image\":{\"@id\":\"https:\\\/\\\/naturethroughhereyes.com\\\/fr\\\/notre-impact\\\/influence-2\\\/#primaryimage\"},\"thumbnailUrl\":\"https:\\\/\\\/naturethroughhereyes.com\\\/app\\\/uploads\\\/2025\\\/04\\\/intertwined.jpg\",\"datePublished\":\"2025-04-14T14:42:22+00:00\",\"dateModified\":\"2025-11-04T16:41:24+00:00\",\"breadcrumb\":{\"@id\":\"https:\\\/\\\/naturethroughhereyes.com\\\/fr\\\/notre-impact\\\/influence-2\\\/#breadcrumb\"},\"inLanguage\":\"fr-FR\",\"potentialAction\":[{\"@type\":\"ReadAction\",\"target\":[\"https:\\\/\\\/naturethroughhereyes.com\\\/fr\\\/notre-impact\\\/influence-2\\\/\"]}]},{\"@type\":\"ImageObject\",\"inLanguage\":\"fr-FR\",\"@id\":\"https:\\\/\\\/naturethroughhereyes.com\\\/fr\\\/notre-impact\\\/influence-2\\\/#primaryimage\",\"url\":\"https:\\\/\\\/naturethroughhereyes.com\\\/app\\\/uploads\\\/2025\\\/04\\\/intertwined.jpg\",\"contentUrl\":\"https:\\\/\\\/naturethroughhereyes.com\\\/app\\\/uploads\\\/2025\\\/04\\\/intertwined.jpg\"},{\"@type\":\"BreadcrumbList\",\"@id\":\"https:\\\/\\\/naturethroughhereyes.com\\\/fr\\\/notre-impact\\\/influence-2\\\/#breadcrumb\",\"itemListElement\":[{\"@type\":\"ListItem\",\"position\":1,\"name\":\"Home\",\"item\":\"https:\\\/\\\/naturethroughhereyes.com\\\/fr\\\/\"},{\"@type\":\"ListItem\",\"position\":2,\"name\":\"Notre Impact\",\"item\":\"https:\\\/\\\/naturethroughhereyes.com\\\/fr\\\/notre-impact\\\/\"},{\"@type\":\"ListItem\",\"position\":3,\"name\":\"Influence\"}]},{\"@type\":\"WebSite\",\"@id\":\"https:\\\/\\\/naturethroughhereyes.com\\\/fr\\\/#website\",\"url\":\"https:\\\/\\\/naturethroughhereyes.com\\\/fr\\\/\",\"name\":\"Nature Through Her Eyes\",\"description\":\"Quatre jours de c\u00e9l\u00e9bration, discussions et projections\",\"publisher\":{\"@id\":\"https:\\\/\\\/naturethroughhereyes.com\\\/fr\\\/#organization\"},\"potentialAction\":[{\"@type\":\"SearchAction\",\"target\":{\"@type\":\"EntryPoint\",\"urlTemplate\":\"https:\\\/\\\/naturethroughhereyes.com\\\/fr\\\/?s={search_term_string}\"},\"query-input\":{\"@type\":\"PropertyValueSpecification\",\"valueRequired\":true,\"valueName\":\"search_term_string\"}}],\"inLanguage\":\"fr-FR\"},{\"@type\":\"Organization\",\"@id\":\"https:\\\/\\\/naturethroughhereyes.com\\\/fr\\\/#organization\",\"name\":\"Nature Through Her Eyes\",\"url\":\"https:\\\/\\\/naturethroughhereyes.com\\\/fr\\\/\",\"logo\":{\"@type\":\"ImageObject\",\"inLanguage\":\"fr-FR\",\"@id\":\"https:\\\/\\\/naturethroughhereyes.com\\\/fr\\\/#\\\/schema\\\/logo\\\/image\\\/\",\"url\":\"https:\\\/\\\/naturethroughhereyes.com\\\/app\\\/uploads\\\/2023\\\/05\\\/nthe-logo.jpg\",\"contentUrl\":\"https:\\\/\\\/naturethroughhereyes.com\\\/app\\\/uploads\\\/2023\\\/05\\\/nthe-logo.jpg\",\"width\":600,\"height\":400,\"caption\":\"Nature Through Her Eyes\"},\"image\":{\"@id\":\"https:\\\/\\\/naturethroughhereyes.com\\\/fr\\\/#\\\/schema\\\/logo\\\/image\\\/\"},\"sameAs\":[\"https:\\\/\\\/x.com\\\/hereyesnature\",\"https:\\\/\\\/www.instagram.com\\\/hereyesnature\\\/\"]}]}<\/script>\n<!-- \/ Yoast SEO plugin. -->","yoast_head_json":{"title":"Influence - Nature Le Regard F\u00e9minin","robots":{"index":"index","follow":"follow","max-snippet":"max-snippet:-1","max-image-preview":"max-image-preview:large","max-video-preview":"max-video-preview:-1"},"canonical":"https:\/\/naturethroughhereyes.com\/fr\/notre-impact\/influence-2\/","og_locale":"fr_FR","og_type":"article","og_title":"Influence - Nature Le Regard F\u00e9minin","og_description":"REBECCA KORMOS D\u00c9VOILE INTERTWINED \u2014 UN CLIN D&#8217;OEIL \u00c0 NATURE : LE REGARD F\u00c9MININ \u00ab Les mouvements \u00e9cologistes et f\u00e9ministes ont grandi comme les branches d\u2019un m\u00eame arbre\u2026 Le changement climatique n\u2019est pas seulement une crise environnementale, c\u2019est aussi une crise f\u00e9ministe. \u00bb Dans son nouveau livre, Intertwined: Women, Nature, and Climate Justice, Rebecca Kormos [&hellip;]","og_url":"https:\/\/naturethroughhereyes.com\/fr\/notre-impact\/influence-2\/","og_site_name":"Nature Le Regard F\u00e9minin","article_modified_time":"2025-11-04T16:41:24+00:00","og_image":[{"width":385,"height":595,"url":"https:\/\/naturethroughhereyes.com\/app\/uploads\/2025\/04\/intertwined.jpg","type":"image\/jpeg"}],"twitter_card":"summary_large_image","twitter_site":"@hereyesnature","twitter_misc":{"Est. reading time":"2 minutes"},"schema":{"@context":"https:\/\/schema.org","@graph":[{"@type":"WebPage","@id":"https:\/\/naturethroughhereyes.com\/fr\/notre-impact\/influence-2\/","url":"https:\/\/naturethroughhereyes.com\/fr\/notre-impact\/influence-2\/","name":"Influence - Nature Le Regard F\u00e9minin","isPartOf":{"@id":"https:\/\/naturethroughhereyes.com\/fr\/#website"},"primaryImageOfPage":{"@id":"https:\/\/naturethroughhereyes.com\/fr\/notre-impact\/influence-2\/#primaryimage"},"image":{"@id":"https:\/\/naturethroughhereyes.com\/fr\/notre-impact\/influence-2\/#primaryimage"},"thumbnailUrl":"https:\/\/naturethroughhereyes.com\/app\/uploads\/2025\/04\/intertwined.jpg","datePublished":"2025-04-14T14:42:22+00:00","dateModified":"2025-11-04T16:41:24+00:00","breadcrumb":{"@id":"https:\/\/naturethroughhereyes.com\/fr\/notre-impact\/influence-2\/#breadcrumb"},"inLanguage":"fr-FR","potentialAction":[{"@type":"ReadAction","target":["https:\/\/naturethroughhereyes.com\/fr\/notre-impact\/influence-2\/"]}]},{"@type":"ImageObject","inLanguage":"fr-FR","@id":"https:\/\/naturethroughhereyes.com\/fr\/notre-impact\/influence-2\/#primaryimage","url":"https:\/\/naturethroughhereyes.com\/app\/uploads\/2025\/04\/intertwined.jpg","contentUrl":"https:\/\/naturethroughhereyes.com\/app\/uploads\/2025\/04\/intertwined.jpg"},{"@type":"BreadcrumbList","@id":"https:\/\/naturethroughhereyes.com\/fr\/notre-impact\/influence-2\/#breadcrumb","itemListElement":[{"@type":"ListItem","position":1,"name":"Home","item":"https:\/\/naturethroughhereyes.com\/fr\/"},{"@type":"ListItem","position":2,"name":"Notre Impact","item":"https:\/\/naturethroughhereyes.com\/fr\/notre-impact\/"},{"@type":"ListItem","position":3,"name":"Influence"}]},{"@type":"WebSite","@id":"https:\/\/naturethroughhereyes.com\/fr\/#website","url":"https:\/\/naturethroughhereyes.com\/fr\/","name":"Nature Through Her Eyes","description":"Quatre jours de c\u00e9l\u00e9bration, discussions et projections","publisher":{"@id":"https:\/\/naturethroughhereyes.com\/fr\/#organization"},"potentialAction":[{"@type":"SearchAction","target":{"@type":"EntryPoint","urlTemplate":"https:\/\/naturethroughhereyes.com\/fr\/?s={search_term_string}"},"query-input":{"@type":"PropertyValueSpecification","valueRequired":true,"valueName":"search_term_string"}}],"inLanguage":"fr-FR"},{"@type":"Organization","@id":"https:\/\/naturethroughhereyes.com\/fr\/#organization","name":"Nature Through Her Eyes","url":"https:\/\/naturethroughhereyes.com\/fr\/","logo":{"@type":"ImageObject","inLanguage":"fr-FR","@id":"https:\/\/naturethroughhereyes.com\/fr\/#\/schema\/logo\/image\/","url":"https:\/\/naturethroughhereyes.com\/app\/uploads\/2023\/05\/nthe-logo.jpg","contentUrl":"https:\/\/naturethroughhereyes.com\/app\/uploads\/2023\/05\/nthe-logo.jpg","width":600,"height":400,"caption":"Nature Through Her Eyes"},"image":{"@id":"https:\/\/naturethroughhereyes.com\/fr\/#\/schema\/logo\/image\/"},"sameAs":["https:\/\/x.com\/hereyesnature","https:\/\/www.instagram.com\/hereyesnature\/"]}]}},"_links":{"self":[{"href":"https:\/\/naturethroughhereyes.com\/fr\/wp-json\/wp\/v2\/pages\/4909","targetHints":{"allow":["GET"]}}],"collection":[{"href":"https:\/\/naturethroughhereyes.com\/fr\/wp-json\/wp\/v2\/pages"}],"about":[{"href":"https:\/\/naturethroughhereyes.com\/fr\/wp-json\/wp\/v2\/types\/page"}],"author":[{"embeddable":true,"href":"https:\/\/naturethroughhereyes.com\/fr\/wp-json\/wp\/v2\/users\/1"}],"replies":[{"embeddable":true,"href":"https:\/\/naturethroughhereyes.com\/fr\/wp-json\/wp\/v2\/comments?post=4909"}],"version-history":[{"count":6,"href":"https:\/\/naturethroughhereyes.com\/fr\/wp-json\/wp\/v2\/pages\/4909\/revisions"}],"predecessor-version":[{"id":5036,"href":"https:\/\/naturethroughhereyes.com\/fr\/wp-json\/wp\/v2\/pages\/4909\/revisions\/5036"}],"up":[{"embeddable":true,"href":"https:\/\/naturethroughhereyes.com\/fr\/wp-json\/wp\/v2\/pages\/4298"}],"wp:attachment":[{"href":"https:\/\/naturethroughhereyes.com\/fr\/wp-json\/wp\/v2\/media?parent=4909"}],"wp:term":[{"taxonomy":"profile-tag","embeddable":true,"href":"https:\/\/naturethroughhereyes.com\/fr\/wp-json\/wp\/v2\/profile-tag?post=4909"}],"curies":[{"name":"wp","href":"https:\/\/api.w.org\/{rel}","templated":true}]}}